{"id":29251,"date":"2022-03-16T12:32:49","date_gmt":"2022-03-16T11:32:49","guid":{"rendered":"https:\/\/phosphoram.ch\/?page_id=29251"},"modified":"2024-08-19T14:25:16","modified_gmt":"2024-08-19T12:25:16","slug":"gestione-patrimoniale","status":"publish","type":"page","link":"https:\/\/phosphoram.ch\/de\/gestione-patrimoniale\/","title":{"rendered":"VERM\u00d6GENSVERWALTUNG"},"content":{"rendered":"<p>[vc_row][vc_column][vc_empty_space height=&#8221;30px&#8221;][vc_column_text]<\/p>\n<h2 style=\"text-align: center;\"><span style=\"color: #800018;\">VERM\u00d6GENSVERWALTUNG<\/span><\/h2>\n<p>[\/vc_column_text][vc_empty_space height=&#8221;30px&#8221;][vc_column_text]<\/p>\n<p style=\"text-align: justify;\">Verm\u00f6gensverwaltung ist das Kerngesch\u00e4ft von Phosphor.<\/p>\n<p style=\"text-align: justify;\">Gegenstand des Vertragsverh\u00e4ltnisses zwischen dem Kunden und Phosphor ist die diskretion\u00e4re Verm\u00f6gensverwaltung. Dies bedeutet, dass Phosphor die im Kundenportfolio hinterlegten Verm\u00f6genswerte nach eigenem Ermessen verwaltet; dem Kunden ist es jedoch nicht untersagt, Einschr\u00e4nkungen\/Ausnahmen f\u00fcr das Mandat festzulegen.<\/p>\n<p style=\"text-align: justify;\">Zur Durchf\u00fchrung dieser Dienstleistung ist es erforderlich, dass der Kunde Phosphor bei seiner Depotbank eine f\u00fcr sein Konto g\u00fcltige Verwaltungsvollmacht erteilt. Mit dieser jederzeit widerruflichen Vollmacht erm\u00e4chtigt der Kunde Phosphor, ausschliesslich Handelsauftr\u00e4ge auf sein Konto zu \u00fcbermitteln. Phosphor kann n\u00e4mlich keine \u00dcberweisungen und \/ oder Abhebungen veranlassen oder das Verm\u00f6gen des Kunden verpf\u00e4nden.<\/p>\n<p style=\"text-align: justify;\">Diese Dienstleistung wird zugunsten nat\u00fcrlicher und juristischer Personen und unabh\u00e4ngig von ihrer Art (privat, beruflich, institutionell) erbracht.<\/p>\n<p>[\/vc_column_text][\/vc_column][\/vc_row][vc_row][vc_column][vc_empty_space height=&#8221;50px&#8221;][vc_basic_grid post_type=&#8221;ids&#8221; item=&#8221;28939&#8243; grid_id=&#8221;vc_gid:1724070279024-412afc5d4df2b906f0e7a0dc8918a197-7&#8243; include=&#8221;29250, 29673, 29252&#8243;][\/vc_column][\/vc_row]<\/p>\n","protected":false},"excerpt":{"rendered":"<p>[vc_row][vc_column][vc_empty_space height=&#8221;30px&#8221;][vc_column_text] VERM\u00d6GENSVERWALTUNG [\/vc_column_text][vc_empty_space height=&#8221;30px&#8221;][vc_column_text] Verm\u00f6gensverwaltung ist das Kerngesch\u00e4ft von Phosphor. Gegenstand des Vertragsverh\u00e4ltnisses zwischen dem Kunden und Phosphor ist die diskretion\u00e4re Verm\u00f6gensverwaltung. Dies bedeutet, dass Phosphor die im Kundenportfolio hinterlegten Verm\u00f6genswerte nach eigenem Ermessen verwaltet; dem Kunden ist es jedoch nicht untersagt, Einschr\u00e4nkungen\/Ausnahmen f\u00fcr das Mandat festzulegen. Zur Durchf\u00fchrung&#8230;<\/p>\n","protected":false},"author":1,"featured_media":29299,"parent":0,"menu_order":0,"comment_status":"closed","ping_status":"closed","template":"","meta":{"footnotes":""},"class_list":["post-29251","page","type-page","status-publish","has-post-thumbnail","hentry"],"yoast_head":"<!-- This site is optimized with the Yoast SEO plugin v26.4 - https:\/\/yoast.com\/wordpress\/plugins\/seo\/ -->\n<title>VERM\u00d6GENSVERWALTUNG<\/title>\n<meta name=\"robots\" content=\"index, follow, max-snippet:-1, max-image-preview:large, max-video-preview:-1\" \/>\n<link rel=\"canonical\" href=\"https:\/\/phosphoram.ch\/gestione-patrimoniale\/\" \/>\n<meta property=\"og:locale\" content=\"de_DE\" \/>\n<meta property=\"og:type\" content=\"article\" \/>\n<meta property=\"og:title\" content=\"VERM\u00d6GENSVERWALTUNG\" \/>\n<meta property=\"og:description\" content=\"[vc_row][vc_column][vc_empty_space height=&#8221;30px&#8221;][vc_column_text] VERM\u00d6GENSVERWALTUNG [\/vc_column_text][vc_empty_space height=&#8221;30px&#8221;][vc_column_text] Verm\u00f6gensverwaltung ist das Kerngesch\u00e4ft von Phosphor. Gegenstand des Vertragsverh\u00e4ltnisses zwischen dem Kunden und Phosphor ist die diskretion\u00e4re Verm\u00f6gensverwaltung. Dies bedeutet, dass Phosphor die im Kundenportfolio hinterlegten Verm\u00f6genswerte nach eigenem Ermessen verwaltet; dem Kunden ist es jedoch nicht untersagt, Einschr\u00e4nkungen\/Ausnahmen f\u00fcr das Mandat festzulegen. Zur Durchf\u00fchrung...\" \/>\n<meta property=\"og:url\" content=\"https:\/\/phosphoram.ch\/gestione-patrimoniale\/\" \/>\n<meta property=\"article:modified_time\" content=\"2024-08-19T12:25:16+00:00\" \/>\n<meta property=\"og:image\" content=\"https:\/\/phosphoram.ch\/wp-content\/uploads\/2022\/03\/gestione-3.png\" \/>\n\t<meta property=\"og:image:width\" content=\"800\" \/>\n\t<meta property=\"og:image:height\" content=\"800\" \/>\n\t<meta property=\"og:image:type\" content=\"image\/png\" \/>\n<meta name=\"twitter:card\" content=\"summary_large_image\" \/>\n<meta name=\"twitter:label1\" content=\"Gesch\u00e4tzte Lesezeit\" \/>\n\t<meta name=\"twitter:data1\" content=\"1\u00a0Minute\" \/>\n<script type=\"application\/ld+json\" class=\"yoast-schema-graph\">{\"@context\":\"https:\/\/schema.org\",\"@graph\":[{\"@type\":\"WebPage\",\"@id\":\"https:\/\/phosphoram.ch\/gestione-patrimoniale\/\",\"url\":\"https:\/\/phosphoram.ch\/gestione-patrimoniale\/\",\"name\":\"[:it]GESTIONE PATRIMONIALE[:en]ASSET MANAGEMENT[:de]VERM\u00d6GENSVERWALTUNG[:] -\",\"isPartOf\":{\"@id\":\"https:\/\/phosphoram.ch\/#website\"},\"primaryImageOfPage\":{\"@id\":\"https:\/\/phosphoram.ch\/gestione-patrimoniale\/#primaryimage\"},\"image\":{\"@id\":\"https:\/\/phosphoram.ch\/gestione-patrimoniale\/#primaryimage\"},\"thumbnailUrl\":\"https:\/\/phosphoram.ch\/wp-content\/uploads\/2022\/03\/gestione-3.png\",\"datePublished\":\"2022-03-16T11:32:49+00:00\",\"dateModified\":\"2024-08-19T12:25:16+00:00\",\"inLanguage\":\"de-DE\",\"potentialAction\":[{\"@type\":\"ReadAction\",\"target\":[\"https:\/\/phosphoram.ch\/gestione-patrimoniale\/\"]}]},{\"@type\":\"ImageObject\",\"inLanguage\":\"de-DE\",\"@id\":\"https:\/\/phosphoram.ch\/gestione-patrimoniale\/#primaryimage\",\"url\":\"https:\/\/phosphoram.ch\/wp-content\/uploads\/2022\/03\/gestione-3.png\",\"contentUrl\":\"https:\/\/phosphoram.ch\/wp-content\/uploads\/2022\/03\/gestione-3.png\",\"width\":800,\"height\":800},{\"@type\":\"WebSite\",\"@id\":\"https:\/\/phosphoram.ch\/#website\",\"url\":\"https:\/\/phosphoram.ch\/\",\"name\":\"\",\"description\":\"\",\"publisher\":{\"@id\":\"https:\/\/phosphoram.ch\/#organization\"},\"potentialAction\":[{\"@type\":\"SearchAction\",\"target\":{\"@type\":\"EntryPoint\",\"urlTemplate\":\"https:\/\/phosphoram.ch\/?s={search_term_string}\"},\"query-input\":{\"@type\":\"PropertyValueSpecification\",\"valueRequired\":true,\"valueName\":\"search_term_string\"}}],\"inLanguage\":\"de-DE\"},{\"@type\":\"Organization\",\"@id\":\"https:\/\/phosphoram.ch\/#organization\",\"name\":\"Phosphor Asset Management\",\"url\":\"https:\/\/phosphoram.ch\/\",\"logo\":{\"@type\":\"ImageObject\",\"inLanguage\":\"de-DE\",\"@id\":\"https:\/\/phosphoram.ch\/#\/schema\/logo\/image\/\",\"url\":\"https:\/\/phosphoram.ch\/wp-content\/uploads\/2022\/05\/logo-phosphor-DEF.png\",\"contentUrl\":\"https:\/\/phosphoram.ch\/wp-content\/uploads\/2022\/05\/logo-phosphor-DEF.png\",\"width\":912,\"height\":478,\"caption\":\"Phosphor Asset Management\"},\"image\":{\"@id\":\"https:\/\/phosphoram.ch\/#\/schema\/logo\/image\/\"},\"sameAs\":[\"https:\/\/ch.linkedin.com\/in\/phosphor-asset-management-sa-38a1021b9\"]}]}<\/script>\n<!-- \/ Yoast SEO plugin. -->","yoast_head_json":{"title":"VERM\u00d6GENSVERWALTUNG","robots":{"index":"index","follow":"follow","max-snippet":"max-snippet:-1","max-image-preview":"max-image-preview:large","max-video-preview":"max-video-preview:-1"},"canonical":"https:\/\/phosphoram.ch\/gestione-patrimoniale\/","og_locale":"de_DE","og_type":"article","og_title":"[:it]GESTIONE PATRIMONIALE[:en]ASSET MANAGEMENT[:de]VERM\u00d6GENSVERWALTUNG[:] -","og_description":"[vc_row][vc_column][vc_empty_space height=&#8221;30px&#8221;][vc_column_text] VERM\u00d6GENSVERWALTUNG [\/vc_column_text][vc_empty_space height=&#8221;30px&#8221;][vc_column_text] Verm\u00f6gensverwaltung ist das Kerngesch\u00e4ft von Phosphor. Gegenstand des Vertragsverh\u00e4ltnisses zwischen dem Kunden und Phosphor ist die diskretion\u00e4re Verm\u00f6gensverwaltung. Dies bedeutet, dass Phosphor die im Kundenportfolio hinterlegten Verm\u00f6genswerte nach eigenem Ermessen verwaltet; dem Kunden ist es jedoch nicht untersagt, Einschr\u00e4nkungen\/Ausnahmen f\u00fcr das Mandat festzulegen. Zur Durchf\u00fchrung...","og_url":"https:\/\/phosphoram.ch\/gestione-patrimoniale\/","article_modified_time":"2024-08-19T12:25:16+00:00","og_image":[{"width":800,"height":800,"url":"https:\/\/phosphoram.ch\/wp-content\/uploads\/2022\/03\/gestione-3.png","type":"image\/png"}],"twitter_card":"summary_large_image","twitter_misc":{"Gesch\u00e4tzte Lesezeit":"1\u00a0Minute"},"schema":{"@context":"https:\/\/schema.org","@graph":[{"@type":"WebPage","@id":"https:\/\/phosphoram.ch\/gestione-patrimoniale\/","url":"https:\/\/phosphoram.ch\/gestione-patrimoniale\/","name":"[:it]GESTIONE PATRIMONIALE[:en]ASSET MANAGEMENT[:de]VERM\u00d6GENSVERWALTUNG[:] -","isPartOf":{"@id":"https:\/\/phosphoram.ch\/#website"},"primaryImageOfPage":{"@id":"https:\/\/phosphoram.ch\/gestione-patrimoniale\/#primaryimage"},"image":{"@id":"https:\/\/phosphoram.ch\/gestione-patrimoniale\/#primaryimage"},"thumbnailUrl":"https:\/\/phosphoram.ch\/wp-content\/uploads\/2022\/03\/gestione-3.png","datePublished":"2022-03-16T11:32:49+00:00","dateModified":"2024-08-19T12:25:16+00:00","inLanguage":"de-DE","potentialAction":[{"@type":"ReadAction","target":["https:\/\/phosphoram.ch\/gestione-patrimoniale\/"]}]},{"@type":"ImageObject","inLanguage":"de-DE","@id":"https:\/\/phosphoram.ch\/gestione-patrimoniale\/#primaryimage","url":"https:\/\/phosphoram.ch\/wp-content\/uploads\/2022\/03\/gestione-3.png","contentUrl":"https:\/\/phosphoram.ch\/wp-content\/uploads\/2022\/03\/gestione-3.png","width":800,"height":800},{"@type":"WebSite","@id":"https:\/\/phosphoram.ch\/#website","url":"https:\/\/phosphoram.ch\/","name":"","description":"","publisher":{"@id":"https:\/\/phosphoram.ch\/#organization"},"potentialAction":[{"@type":"SearchAction","target":{"@type":"EntryPoint","urlTemplate":"https:\/\/phosphoram.ch\/?s={search_term_string}"},"query-input":{"@type":"PropertyValueSpecification","valueRequired":true,"valueName":"search_term_string"}}],"inLanguage":"de-DE"},{"@type":"Organization","@id":"https:\/\/phosphoram.ch\/#organization","name":"Phosphor Asset Management","url":"https:\/\/phosphoram.ch\/","logo":{"@type":"ImageObject","inLanguage":"de-DE","@id":"https:\/\/phosphoram.ch\/#\/schema\/logo\/image\/","url":"https:\/\/phosphoram.ch\/wp-content\/uploads\/2022\/05\/logo-phosphor-DEF.png","contentUrl":"https:\/\/phosphoram.ch\/wp-content\/uploads\/2022\/05\/logo-phosphor-DEF.png","width":912,"height":478,"caption":"Phosphor Asset Management"},"image":{"@id":"https:\/\/phosphoram.ch\/#\/schema\/logo\/image\/"},"sameAs":["https:\/\/ch.linkedin.com\/in\/phosphor-asset-management-sa-38a1021b9"]}]}},"_links":{"self":[{"href":"https:\/\/phosphoram.ch\/de\/wp-json\/wp\/v2\/pages\/29251","targetHints":{"allow":["GET"]}}],"collection":[{"href":"https:\/\/phosphoram.ch\/de\/wp-json\/wp\/v2\/pages"}],"about":[{"href":"https:\/\/phosphoram.ch\/de\/wp-json\/wp\/v2\/types\/page"}],"author":[{"embeddable":true,"href":"https:\/\/phosphoram.ch\/de\/wp-json\/wp\/v2\/users\/1"}],"replies":[{"embeddable":true,"href":"https:\/\/phosphoram.ch\/de\/wp-json\/wp\/v2\/comments?post=29251"}],"version-history":[{"count":26,"href":"https:\/\/phosphoram.ch\/de\/wp-json\/wp\/v2\/pages\/29251\/revisions"}],"predecessor-version":[{"id":30333,"href":"https:\/\/phosphoram.ch\/de\/wp-json\/wp\/v2\/pages\/29251\/revisions\/30333"}],"wp:featuredmedia":[{"embeddable":true,"href":"https:\/\/phosphoram.ch\/de\/wp-json\/wp\/v2\/media\/29299"}],"wp:attachment":[{"href":"https:\/\/phosphoram.ch\/de\/wp-json\/wp\/v2\/media?parent=29251"}],"curies":[{"name":"wp","href":"https:\/\/api.w.org\/{rel}","templated":true}]}}