{"id":29252,"date":"2022-03-16T12:32:57","date_gmt":"2022-03-16T11:32:57","guid":{"rendered":"https:\/\/phosphoram.ch\/?page_id=29252"},"modified":"2024-08-19T14:27:34","modified_gmt":"2024-08-19T12:27:34","slug":"family-office","status":"publish","type":"page","link":"https:\/\/phosphoram.ch\/de\/family-office\/","title":{"rendered":"FAMILIENB\u00dcRO"},"content":{"rendered":"<p>[vc_row][vc_column][vc_empty_space height=&#8221;30px&#8221;][vc_column_text]<\/p>\n<h2 style=\"text-align: center;\"><span style=\"color: #800018;\">FAMILIENB\u00dcRO<\/span><\/h2>\n<p>[\/vc_column_text][vc_empty_space height=&#8221;30px&#8221;][vc_column_text]<\/p>\n<p style=\"text-align: justify;\">F\u00fcr Phosphor ist dieser Service eine Aktivit\u00e4t, die sich an wohlhabende Familien richtet, die eine Vielzahl von Bed\u00fcrfnissen haben, wie z. B.: Family Governance, Finanzplanung, Steueroptimierung, Erbrecht, Treuhand- und Unternehmensdienstleistungen oder Kontrolldienstleistungen.<\/p>\n<p style=\"text-align: justify;\">Phosphor ist dank eines Netzwerks von Spezialisten in der Lage, auf vielf\u00e4ltige Bed\u00fcrfnisse einzugehen, indem es einen Multi-Family-Office-Service anbietet, mit dem der Kunde Vorteile in Bezug auf die Verwaltung und Wirtschaftlichkeit seines Verm\u00f6gens sowie individuell und kosteng\u00fcnstig erzielen kann L\u00f6sungen.<\/p>\n<p>[\/vc_column_text][\/vc_column][\/vc_row][vc_row][vc_column][vc_empty_space height=&#8221;50px&#8221;][vc_basic_grid post_type=&#8221;ids&#8221; item=&#8221;28939&#8243; grid_id=&#8221;vc_gid:1724070422021-fe8a5fc8d011dc3a7939855ddfd19804-10&#8243; include=&#8221;29251, 29250, 29673&#8243;][\/vc_column][\/vc_row]<\/p>\n","protected":false},"excerpt":{"rendered":"<p>[vc_row][vc_column][vc_empty_space height=&#8221;30px&#8221;][vc_column_text] FAMILIENB\u00dcRO [\/vc_column_text][vc_empty_space height=&#8221;30px&#8221;][vc_column_text] F\u00fcr Phosphor ist dieser Service eine Aktivit\u00e4t, die sich an wohlhabende Familien richtet, die eine Vielzahl von Bed\u00fcrfnissen haben, wie z. B.: Family Governance, Finanzplanung, Steueroptimierung, Erbrecht, Treuhand- und Unternehmensdienstleistungen oder Kontrolldienstleistungen. Phosphor ist dank eines Netzwerks von Spezialisten in der Lage, auf vielf\u00e4ltige Bed\u00fcrfnisse&#8230;<\/p>\n","protected":false},"author":1,"featured_media":29298,"parent":0,"menu_order":0,"comment_status":"closed","ping_status":"closed","template":"","meta":{"footnotes":""},"class_list":["post-29252","page","type-page","status-publish","has-post-thumbnail","hentry"],"yoast_head":"<!-- This site is optimized with the Yoast SEO plugin v26.4 - https:\/\/yoast.com\/wordpress\/plugins\/seo\/ -->\n<title>FAMILIENB\u00dcRO<\/title>\n<meta name=\"robots\" content=\"index, follow, max-snippet:-1, max-image-preview:large, max-video-preview:-1\" \/>\n<link rel=\"canonical\" href=\"https:\/\/phosphoram.ch\/en\/family-office\/\" \/>\n<meta property=\"og:locale\" content=\"de_DE\" \/>\n<meta property=\"og:type\" content=\"article\" \/>\n<meta property=\"og:title\" content=\"FAMILIENB\u00dcRO\" \/>\n<meta property=\"og:description\" content=\"[vc_row][vc_column][vc_empty_space height=&#8221;30px&#8221;][vc_column_text] FAMILIENB\u00dcRO [\/vc_column_text][vc_empty_space height=&#8221;30px&#8221;][vc_column_text] F\u00fcr Phosphor ist dieser Service eine Aktivit\u00e4t, die sich an wohlhabende Familien richtet, die eine Vielzahl von Bed\u00fcrfnissen haben, wie z. B.: Family Governance, Finanzplanung, Steueroptimierung, Erbrecht, Treuhand- und Unternehmensdienstleistungen oder Kontrolldienstleistungen. Phosphor ist dank eines Netzwerks von Spezialisten in der Lage, auf vielf\u00e4ltige Bed\u00fcrfnisse...\" \/>\n<meta property=\"og:url\" content=\"https:\/\/phosphoram.ch\/en\/family-office\/\" \/>\n<meta property=\"article:modified_time\" content=\"2024-08-19T12:27:34+00:00\" \/>\n<meta property=\"og:image\" content=\"https:\/\/phosphoram.ch\/wp-content\/uploads\/2022\/03\/family-3.png\" \/>\n\t<meta property=\"og:image:width\" content=\"800\" \/>\n\t<meta property=\"og:image:height\" content=\"800\" \/>\n\t<meta property=\"og:image:type\" content=\"image\/png\" \/>\n<meta name=\"twitter:card\" content=\"summary_large_image\" \/>\n<meta name=\"twitter:label1\" content=\"Gesch\u00e4tzte Lesezeit\" \/>\n\t<meta name=\"twitter:data1\" content=\"1\u00a0Minute\" \/>\n<script type=\"application\/ld+json\" class=\"yoast-schema-graph\">{\"@context\":\"https:\/\/schema.org\",\"@graph\":[{\"@type\":\"WebPage\",\"@id\":\"https:\/\/phosphoram.ch\/en\/family-office\/\",\"url\":\"https:\/\/phosphoram.ch\/en\/family-office\/\",\"name\":\"[:it]FAMILY OFFICE[:en]FAMILY OFFICE[:de]FAMILIENB\u00dcRO[:] -\",\"isPartOf\":{\"@id\":\"https:\/\/phosphoram.ch\/#website\"},\"primaryImageOfPage\":{\"@id\":\"https:\/\/phosphoram.ch\/en\/family-office\/#primaryimage\"},\"image\":{\"@id\":\"https:\/\/phosphoram.ch\/en\/family-office\/#primaryimage\"},\"thumbnailUrl\":\"https:\/\/phosphoram.ch\/wp-content\/uploads\/2022\/03\/family-3.png\",\"datePublished\":\"2022-03-16T11:32:57+00:00\",\"dateModified\":\"2024-08-19T12:27:34+00:00\",\"inLanguage\":\"de-DE\",\"potentialAction\":[{\"@type\":\"ReadAction\",\"target\":[\"https:\/\/phosphoram.ch\/en\/family-office\/\"]}]},{\"@type\":\"ImageObject\",\"inLanguage\":\"de-DE\",\"@id\":\"https:\/\/phosphoram.ch\/en\/family-office\/#primaryimage\",\"url\":\"https:\/\/phosphoram.ch\/wp-content\/uploads\/2022\/03\/family-3.png\",\"contentUrl\":\"https:\/\/phosphoram.ch\/wp-content\/uploads\/2022\/03\/family-3.png\",\"width\":800,\"height\":800},{\"@type\":\"WebSite\",\"@id\":\"https:\/\/phosphoram.ch\/#website\",\"url\":\"https:\/\/phosphoram.ch\/\",\"name\":\"\",\"description\":\"\",\"publisher\":{\"@id\":\"https:\/\/phosphoram.ch\/#organization\"},\"potentialAction\":[{\"@type\":\"SearchAction\",\"target\":{\"@type\":\"EntryPoint\",\"urlTemplate\":\"https:\/\/phosphoram.ch\/?s={search_term_string}\"},\"query-input\":{\"@type\":\"PropertyValueSpecification\",\"valueRequired\":true,\"valueName\":\"search_term_string\"}}],\"inLanguage\":\"de-DE\"},{\"@type\":\"Organization\",\"@id\":\"https:\/\/phosphoram.ch\/#organization\",\"name\":\"Phosphor Asset Management\",\"url\":\"https:\/\/phosphoram.ch\/\",\"logo\":{\"@type\":\"ImageObject\",\"inLanguage\":\"de-DE\",\"@id\":\"https:\/\/phosphoram.ch\/#\/schema\/logo\/image\/\",\"url\":\"https:\/\/phosphoram.ch\/wp-content\/uploads\/2022\/05\/logo-phosphor-DEF.png\",\"contentUrl\":\"https:\/\/phosphoram.ch\/wp-content\/uploads\/2022\/05\/logo-phosphor-DEF.png\",\"width\":912,\"height\":478,\"caption\":\"Phosphor Asset Management\"},\"image\":{\"@id\":\"https:\/\/phosphoram.ch\/#\/schema\/logo\/image\/\"},\"sameAs\":[\"https:\/\/ch.linkedin.com\/in\/phosphor-asset-management-sa-38a1021b9\"]}]}<\/script>\n<!-- \/ Yoast SEO plugin. -->","yoast_head_json":{"title":"FAMILIENB\u00dcRO","robots":{"index":"index","follow":"follow","max-snippet":"max-snippet:-1","max-image-preview":"max-image-preview:large","max-video-preview":"max-video-preview:-1"},"canonical":"https:\/\/phosphoram.ch\/en\/family-office\/","og_locale":"de_DE","og_type":"article","og_title":"[:it]FAMILY OFFICE[:en]FAMILY OFFICE[:de]FAMILIENB\u00dcRO[:] -","og_description":"[vc_row][vc_column][vc_empty_space height=&#8221;30px&#8221;][vc_column_text] FAMILIENB\u00dcRO [\/vc_column_text][vc_empty_space height=&#8221;30px&#8221;][vc_column_text] F\u00fcr Phosphor ist dieser Service eine Aktivit\u00e4t, die sich an wohlhabende Familien richtet, die eine Vielzahl von Bed\u00fcrfnissen haben, wie z. B.: Family Governance, Finanzplanung, Steueroptimierung, Erbrecht, Treuhand- und Unternehmensdienstleistungen oder Kontrolldienstleistungen. Phosphor ist dank eines Netzwerks von Spezialisten in der Lage, auf vielf\u00e4ltige Bed\u00fcrfnisse...","og_url":"https:\/\/phosphoram.ch\/en\/family-office\/","article_modified_time":"2024-08-19T12:27:34+00:00","og_image":[{"width":800,"height":800,"url":"https:\/\/phosphoram.ch\/wp-content\/uploads\/2022\/03\/family-3.png","type":"image\/png"}],"twitter_card":"summary_large_image","twitter_misc":{"Gesch\u00e4tzte Lesezeit":"1\u00a0Minute"},"schema":{"@context":"https:\/\/schema.org","@graph":[{"@type":"WebPage","@id":"https:\/\/phosphoram.ch\/en\/family-office\/","url":"https:\/\/phosphoram.ch\/en\/family-office\/","name":"[:it]FAMILY OFFICE[:en]FAMILY OFFICE[:de]FAMILIENB\u00dcRO[:] -","isPartOf":{"@id":"https:\/\/phosphoram.ch\/#website"},"primaryImageOfPage":{"@id":"https:\/\/phosphoram.ch\/en\/family-office\/#primaryimage"},"image":{"@id":"https:\/\/phosphoram.ch\/en\/family-office\/#primaryimage"},"thumbnailUrl":"https:\/\/phosphoram.ch\/wp-content\/uploads\/2022\/03\/family-3.png","datePublished":"2022-03-16T11:32:57+00:00","dateModified":"2024-08-19T12:27:34+00:00","inLanguage":"de-DE","potentialAction":[{"@type":"ReadAction","target":["https:\/\/phosphoram.ch\/en\/family-office\/"]}]},{"@type":"ImageObject","inLanguage":"de-DE","@id":"https:\/\/phosphoram.ch\/en\/family-office\/#primaryimage","url":"https:\/\/phosphoram.ch\/wp-content\/uploads\/2022\/03\/family-3.png","contentUrl":"https:\/\/phosphoram.ch\/wp-content\/uploads\/2022\/03\/family-3.png","width":800,"height":800},{"@type":"WebSite","@id":"https:\/\/phosphoram.ch\/#website","url":"https:\/\/phosphoram.ch\/","name":"","description":"","publisher":{"@id":"https:\/\/phosphoram.ch\/#organization"},"potentialAction":[{"@type":"SearchAction","target":{"@type":"EntryPoint","urlTemplate":"https:\/\/phosphoram.ch\/?s={search_term_string}"},"query-input":{"@type":"PropertyValueSpecification","valueRequired":true,"valueName":"search_term_string"}}],"inLanguage":"de-DE"},{"@type":"Organization","@id":"https:\/\/phosphoram.ch\/#organization","name":"Phosphor Asset Management","url":"https:\/\/phosphoram.ch\/","logo":{"@type":"ImageObject","inLanguage":"de-DE","@id":"https:\/\/phosphoram.ch\/#\/schema\/logo\/image\/","url":"https:\/\/phosphoram.ch\/wp-content\/uploads\/2022\/05\/logo-phosphor-DEF.png","contentUrl":"https:\/\/phosphoram.ch\/wp-content\/uploads\/2022\/05\/logo-phosphor-DEF.png","width":912,"height":478,"caption":"Phosphor Asset Management"},"image":{"@id":"https:\/\/phosphoram.ch\/#\/schema\/logo\/image\/"},"sameAs":["https:\/\/ch.linkedin.com\/in\/phosphor-asset-management-sa-38a1021b9"]}]}},"_links":{"self":[{"href":"https:\/\/phosphoram.ch\/de\/wp-json\/wp\/v2\/pages\/29252","targetHints":{"allow":["GET"]}}],"collection":[{"href":"https:\/\/phosphoram.ch\/de\/wp-json\/wp\/v2\/pages"}],"about":[{"href":"https:\/\/phosphoram.ch\/de\/wp-json\/wp\/v2\/types\/page"}],"author":[{"embeddable":true,"href":"https:\/\/phosphoram.ch\/de\/wp-json\/wp\/v2\/users\/1"}],"replies":[{"embeddable":true,"href":"https:\/\/phosphoram.ch\/de\/wp-json\/wp\/v2\/comments?post=29252"}],"version-history":[{"count":15,"href":"https:\/\/phosphoram.ch\/de\/wp-json\/wp\/v2\/pages\/29252\/revisions"}],"predecessor-version":[{"id":30339,"href":"https:\/\/phosphoram.ch\/de\/wp-json\/wp\/v2\/pages\/29252\/revisions\/30339"}],"wp:featuredmedia":[{"embeddable":true,"href":"https:\/\/phosphoram.ch\/de\/wp-json\/wp\/v2\/media\/29298"}],"wp:attachment":[{"href":"https:\/\/phosphoram.ch\/de\/wp-json\/wp\/v2\/media?parent=29252"}],"curies":[{"name":"wp","href":"https:\/\/api.w.org\/{rel}","templated":true}]}}