{"id":29320,"date":"2022-03-18T16:03:18","date_gmt":"2022-03-18T15:03:18","guid":{"rendered":"https:\/\/phosphoram.ch\/?page_id=29320"},"modified":"2025-07-24T14:50:13","modified_gmt":"2025-07-24T12:50:13","slug":"servizi","status":"publish","type":"page","link":"https:\/\/phosphoram.ch\/de\/servizi\/","title":{"rendered":"DIENSTLEISTUNGEN"},"content":{"rendered":"<p>[vc_row full_width=&#8221;stretch_row_content&#8221; css=&#8221;.vc_custom_1647616249149{background-image: url(http:\/\/phosphoram.ch\/wp-content\/uploads\/2022\/03\/DSC_2251_lq.jpg?id=29304) !important;background-position: center !important;background-repeat: no-repeat !important;background-size: cover !important;}&#8221;][vc_column][vc_empty_space height=&#8221;50px&#8221;][vc_custom_heading text=&#8221;DIENSTLEISTUNGEN&#8221; font_container=&#8221;tag:h1|font_size:45|text_align:center|color:%23800018&#8243; use_theme_fonts=&#8221;yes&#8221; css=&#8221;.vc_custom_1724071624476{padding-left: 38px !important;}&#8221;][vc_empty_space height=&#8221;50px&#8221;][\/vc_column][\/vc_row][vc_row][vc_column][vc_column_text]<\/p>\n<p style=\"text-align: justify;\">Phosphor formalisiert die Beziehung zum Kunde f\u00fcr die verschiedenen Arten von Dienstleistungen durch eine Mandatsvereinbarung, mit der das Unternehmen die Regeln f\u00fcr die Ausf\u00fchrung des Mandats selbst sowie das Anlageprofil des Kunden definiert, dies h\u00e4ngt vom Ergebnis der Angemessenheitspr\u00fcfung ab. \u00a0Die Angemessenheitspr\u00fcfung besteht aus, die Anlageziele, die Risikobereitschaft des Kunden und seine Kenntnisse in Finanzangelegenheiten.<\/p>\n<p style=\"text-align: justify;\">Phosphor unterst\u00fctzt den Kunden bereits in dieser ersten, heiklen Phase der Beziehung, die entscheidend ist, um die Grundlagen einer dauerhaften und profitablen Beziehung zu schaffen. Phosphors Haltung zur Transparenz manifestiert sich nicht nur in der operativen Klarheit, sondern auch im Nachweis der erhaltenen Verg\u00fctung, die im Allgemeinen keine Zuwendungen von Dritten im Rahmen des Mandats erh\u00e4lt.<\/p>\n<p style=\"text-align: justify;\">Die Erteilung des Mandats bindet den Kunden nicht an die Wahl der Bank, vielmehr kann er die Beziehung zu seiner Depotbank aufrechterhalten oder \u00e4ndern. Phosphor ist daher unabh\u00e4ngig von der Bank, da er weder direkt noch indirekt an diesem beteiligt ist. Grunds\u00e4tzlich w\u00e4hlt immer der Kunde seine Bank. Mit diesen Depots versucht das Unternehmen, vorteilhafte Konditionen zu vereinbaren, die seine Kunden normalerweise nicht direkt erhalten k\u00f6nnten.<\/p>\n<p>[\/vc_column_text][vc_column_text]<\/p>\n<h3><span style=\"color: #800018;\"><strong>Ansatz f\u00fcr Investitionsentscheidungen<\/strong><\/span><\/h3>\n<p>[\/vc_column_text][vc_column_text]<\/p>\n<p style=\"text-align: justify;\">Phosphor f\u00fchrt eine \u201eMakro\u201c-Verwaltung durch, wobei Entscheidungen daher an die wichtigsten wirtschaftlichen und finanziellen Variablen wie Zinss\u00e4tze, W\u00e4hrungen und die wichtigsten Aktienindizes gebunden sind. Der Ansatz, der den Management- und Finanzberatungsaktivit\u00e4ten von Phosphor zugrunde liegt, ist vom Typ \u201eTop Down\u201c. Diese Methode besteht aus der anf\u00e4nglichen Analyse des globalen makro\u00f6konomischen Szenarios mit Schwerpunkt insbesondere auf Europa und den Vereinigten Staaten und einer anschlie\u00dfenden Bewertung der verschiedenen Wirtschaftsindikatoren, beide vom weichen Typ, wie z. B.: PMI (Einkaufsmanagerindex) und ISM (Institute for Supply Management Index) und hard (Inflation, Besch\u00e4ftigung und Arbeitslosigkeit, BIP und andere Indizes) f\u00fcr jeden Wirtschaftsbereich, die es Ihnen erm\u00f6glichen, Prognosen zu den Szenarien zu erstellen, die die Struktur des Portfolios bestimmen.<\/p>\n<p style=\"text-align: justify;\">Diese Strategie wird mittelfristig mit ausgewogenen Performancebeitr\u00e4gen der verschiedenen Anlageklassen (Liquidit\u00e4t, Obligationen und Aktien) und W\u00e4hrungen entwickelt. Derivate und Optionen k\u00f6nnen m\u00f6glicherweise zur Absicherung oder Optimierung der Anlagestrategie eingesetzt werden.<\/p>\n<p style=\"text-align: justify;\">Phosphor \u00fcbt seine Verwaltungst\u00e4tigkeiten aus, indem er Anlagestrategien folgt, die im Allgemeinen auf Kapitalerhalt abzielen und auf einem vorsichtigen, d. h. risikoaversen Ansatz basieren.<\/p>\n<p style=\"text-align: justify;\">Dazu werden haupts\u00e4chlich liquide Instrumente eingesetzt, wobei beispielsweise strukturierte Produkte vermieden werden. Auch f\u00fcr den Kunden ergibt sich aus diesem Managementsystem ein weiterer Vorteil, da m\u00f6gliche Interessenkonflikte vermieden werden. Sollten letztere bestehen, bem\u00fcht sich Phosphor, diese zugunsten des Kunden zu l\u00f6sen.<\/p>\n<p style=\"text-align: justify;\">Die Anlageentscheidungen in Phosphor sind das Ergebnis der Arbeit eines Expertenteams, das im Investment Committee (CI) zusammentritt. Die Entscheidung f\u00fcr ein Gruppenentscheidungsgremium wurde getroffen, da man davon ausging, dass es die Gesch\u00e4ftskontinuit\u00e4t besser aufrechterhalten w\u00fcrde. Die Mitglieder sind Fachleute aus den Bereichen Finanzen und Technik, einschliesslich des Risikomanagers, der kein Stimmrecht hat und die Aufgabe hat, die mit den genehmigten Strategien verbundenen Risiken vor ihrer Umsetzung zu kontrollieren. Dieses Gremium trifft sich monatlich und bewertet durch einen Team-Entscheidungsprozess den Kauf, das Halten und\/oder den Verkauf von Finanzinstrumenten unter Ber\u00fccksichtigung der von Phosphor seinen Kunden vorgeschlagenen Modellportfolios.<\/p>\n<p style=\"text-align: justify;\">Derzeit bietet das Unternehmen vier Portfoliomodelle an: konservatives, moderates, mittleres und hohes Risiko.<\/p>\n<p>[\/vc_column_text][\/vc_column][\/vc_row][vc_column][\/vc_column][vc_row][vc_column][vc_basic_grid post_type=&#8221;ids&#8221; element_width=&#8221;3&#8243; item=&#8221;29312&#8243; grid_id=&#8221;vc_gid:1753361233872-2ba317d0c6599a54d25c8fb6005c0fb5-10&#8243; include=&#8221;29251, 29250, 29673, 29252&#8243;][\/vc_column][\/vc_row]<\/p>\n","protected":false},"excerpt":{"rendered":"<p>[vc_row full_width=&#8221;stretch_row_content&#8221; css=&#8221;.vc_custom_1647616249149{background-image: url(http:\/\/phosphoram.ch\/wp-content\/uploads\/2022\/03\/DSC_2251_lq.jpg?id=29304) !important;background-position: center !important;background-repeat: no-repeat !important;background-size: cover !important;}&#8221;][vc_column][vc_empty_space height=&#8221;50px&#8221;][vc_custom_heading text=&#8221;DIENSTLEISTUNGEN&#8221; font_container=&#8221;tag:h1|font_size:45|text_align:center|color:%23800018&#8243; use_theme_fonts=&#8221;yes&#8221; css=&#8221;.vc_custom_1724071624476{padding-left: 38px !important;}&#8221;][vc_empty_space height=&#8221;50px&#8221;][\/vc_column][\/vc_row][vc_row][vc_column][vc_column_text] Phosphor formalisiert die Beziehung zum Kunde f\u00fcr die verschiedenen Arten von Dienstleistungen durch eine Mandatsvereinbarung, mit der das Unternehmen die Regeln f\u00fcr die Ausf\u00fchrung des Mandats selbst sowie das Anlageprofil des&#8230;<\/p>\n","protected":false},"author":1,"featured_media":0,"parent":0,"menu_order":0,"comment_status":"closed","ping_status":"closed","template":"","meta":{"footnotes":""},"class_list":["post-29320","page","type-page","status-publish","hentry"],"yoast_head":"<!-- This site is optimized with the Yoast SEO plugin v26.4 - https:\/\/yoast.com\/wordpress\/plugins\/seo\/ -->\n<title>DIENSTLEISTUNGEN<\/title>\n<meta name=\"robots\" content=\"index, follow, max-snippet:-1, max-image-preview:large, max-video-preview:-1\" \/>\n<link rel=\"canonical\" href=\"https:\/\/phosphoram.ch\/servizi\/\" \/>\n<meta property=\"og:locale\" content=\"de_DE\" \/>\n<meta property=\"og:type\" content=\"article\" \/>\n<meta property=\"og:title\" content=\"DIENSTLEISTUNGEN\" \/>\n<meta property=\"og:description\" content=\"[vc_row full_width=&#8221;stretch_row_content&#8221; css=&#8221;.vc_custom_1647616249149{background-image: url(http:\/\/phosphoram.ch\/wp-content\/uploads\/2022\/03\/DSC_2251_lq.jpg?id=29304) !important;background-position: center !important;background-repeat: no-repeat !important;background-size: cover !important;}&#8221;][vc_column][vc_empty_space height=&#8221;50px&#8221;][vc_custom_heading text=&#8221;DIENSTLEISTUNGEN&#8221; font_container=&#8221;tag:h1|font_size:45|text_align:center|color:%23800018&#8243; use_theme_fonts=&#8221;yes&#8221; css=&#8221;.vc_custom_1724071624476{padding-left: 38px !important;}&#8221;][vc_empty_space height=&#8221;50px&#8221;][\/vc_column][\/vc_row][vc_row][vc_column][vc_column_text] Phosphor formalisiert die Beziehung zum Kunde f\u00fcr die verschiedenen Arten von Dienstleistungen durch eine Mandatsvereinbarung, mit der das Unternehmen die Regeln f\u00fcr die Ausf\u00fchrung des Mandats selbst sowie das Anlageprofil des...\" \/>\n<meta property=\"og:url\" content=\"https:\/\/phosphoram.ch\/servizi\/\" \/>\n<meta property=\"article:modified_time\" content=\"2025-07-24T12:50:13+00:00\" \/>\n<meta name=\"twitter:card\" content=\"summary_large_image\" \/>\n<meta name=\"twitter:label1\" content=\"Gesch\u00e4tzte Lesezeit\" \/>\n\t<meta name=\"twitter:data1\" content=\"3\u00a0Minuten\" \/>\n<script type=\"application\/ld+json\" class=\"yoast-schema-graph\">{\"@context\":\"https:\/\/schema.org\",\"@graph\":[{\"@type\":\"WebPage\",\"@id\":\"https:\/\/phosphoram.ch\/servizi\/\",\"url\":\"https:\/\/phosphoram.ch\/servizi\/\",\"name\":\"[:it]SERVIZI[:en]SERVICES[:de]DIENSTLEISTUNGEN[:] -\",\"isPartOf\":{\"@id\":\"https:\/\/phosphoram.ch\/#website\"},\"datePublished\":\"2022-03-18T15:03:18+00:00\",\"dateModified\":\"2025-07-24T12:50:13+00:00\",\"inLanguage\":\"de-DE\",\"potentialAction\":[{\"@type\":\"ReadAction\",\"target\":[\"https:\/\/phosphoram.ch\/servizi\/\"]}]},{\"@type\":\"WebSite\",\"@id\":\"https:\/\/phosphoram.ch\/#website\",\"url\":\"https:\/\/phosphoram.ch\/\",\"name\":\"\",\"description\":\"\",\"publisher\":{\"@id\":\"https:\/\/phosphoram.ch\/#organization\"},\"potentialAction\":[{\"@type\":\"SearchAction\",\"target\":{\"@type\":\"EntryPoint\",\"urlTemplate\":\"https:\/\/phosphoram.ch\/?s={search_term_string}\"},\"query-input\":{\"@type\":\"PropertyValueSpecification\",\"valueRequired\":true,\"valueName\":\"search_term_string\"}}],\"inLanguage\":\"de-DE\"},{\"@type\":\"Organization\",\"@id\":\"https:\/\/phosphoram.ch\/#organization\",\"name\":\"Phosphor Asset Management\",\"url\":\"https:\/\/phosphoram.ch\/\",\"logo\":{\"@type\":\"ImageObject\",\"inLanguage\":\"de-DE\",\"@id\":\"https:\/\/phosphoram.ch\/#\/schema\/logo\/image\/\",\"url\":\"https:\/\/phosphoram.ch\/wp-content\/uploads\/2022\/05\/logo-phosphor-DEF.png\",\"contentUrl\":\"https:\/\/phosphoram.ch\/wp-content\/uploads\/2022\/05\/logo-phosphor-DEF.png\",\"width\":912,\"height\":478,\"caption\":\"Phosphor Asset Management\"},\"image\":{\"@id\":\"https:\/\/phosphoram.ch\/#\/schema\/logo\/image\/\"},\"sameAs\":[\"https:\/\/ch.linkedin.com\/in\/phosphor-asset-management-sa-38a1021b9\"]}]}<\/script>\n<!-- \/ Yoast SEO plugin. -->","yoast_head_json":{"title":"DIENSTLEISTUNGEN","robots":{"index":"index","follow":"follow","max-snippet":"max-snippet:-1","max-image-preview":"max-image-preview:large","max-video-preview":"max-video-preview:-1"},"canonical":"https:\/\/phosphoram.ch\/servizi\/","og_locale":"de_DE","og_type":"article","og_title":"[:it]SERVIZI[:en]SERVICES[:de]DIENSTLEISTUNGEN[:] -","og_description":"[vc_row full_width=&#8221;stretch_row_content&#8221; css=&#8221;.vc_custom_1647616249149{background-image: url(http:\/\/phosphoram.ch\/wp-content\/uploads\/2022\/03\/DSC_2251_lq.jpg?id=29304) !important;background-position: center !important;background-repeat: no-repeat !important;background-size: cover !important;}&#8221;][vc_column][vc_empty_space height=&#8221;50px&#8221;][vc_custom_heading text=&#8221;DIENSTLEISTUNGEN&#8221; font_container=&#8221;tag:h1|font_size:45|text_align:center|color:%23800018&#8243; use_theme_fonts=&#8221;yes&#8221; css=&#8221;.vc_custom_1724071624476{padding-left: 38px !important;}&#8221;][vc_empty_space height=&#8221;50px&#8221;][\/vc_column][\/vc_row][vc_row][vc_column][vc_column_text] Phosphor formalisiert die Beziehung zum Kunde f\u00fcr die verschiedenen Arten von Dienstleistungen durch eine Mandatsvereinbarung, mit der das Unternehmen die Regeln f\u00fcr die Ausf\u00fchrung des Mandats selbst sowie das Anlageprofil des...","og_url":"https:\/\/phosphoram.ch\/servizi\/","article_modified_time":"2025-07-24T12:50:13+00:00","twitter_card":"summary_large_image","twitter_misc":{"Gesch\u00e4tzte Lesezeit":"3\u00a0Minuten"},"schema":{"@context":"https:\/\/schema.org","@graph":[{"@type":"WebPage","@id":"https:\/\/phosphoram.ch\/servizi\/","url":"https:\/\/phosphoram.ch\/servizi\/","name":"[:it]SERVIZI[:en]SERVICES[:de]DIENSTLEISTUNGEN[:] -","isPartOf":{"@id":"https:\/\/phosphoram.ch\/#website"},"datePublished":"2022-03-18T15:03:18+00:00","dateModified":"2025-07-24T12:50:13+00:00","inLanguage":"de-DE","potentialAction":[{"@type":"ReadAction","target":["https:\/\/phosphoram.ch\/servizi\/"]}]},{"@type":"WebSite","@id":"https:\/\/phosphoram.ch\/#website","url":"https:\/\/phosphoram.ch\/","name":"","description":"","publisher":{"@id":"https:\/\/phosphoram.ch\/#organization"},"potentialAction":[{"@type":"SearchAction","target":{"@type":"EntryPoint","urlTemplate":"https:\/\/phosphoram.ch\/?s={search_term_string}"},"query-input":{"@type":"PropertyValueSpecification","valueRequired":true,"valueName":"search_term_string"}}],"inLanguage":"de-DE"},{"@type":"Organization","@id":"https:\/\/phosphoram.ch\/#organization","name":"Phosphor Asset Management","url":"https:\/\/phosphoram.ch\/","logo":{"@type":"ImageObject","inLanguage":"de-DE","@id":"https:\/\/phosphoram.ch\/#\/schema\/logo\/image\/","url":"https:\/\/phosphoram.ch\/wp-content\/uploads\/2022\/05\/logo-phosphor-DEF.png","contentUrl":"https:\/\/phosphoram.ch\/wp-content\/uploads\/2022\/05\/logo-phosphor-DEF.png","width":912,"height":478,"caption":"Phosphor Asset Management"},"image":{"@id":"https:\/\/phosphoram.ch\/#\/schema\/logo\/image\/"},"sameAs":["https:\/\/ch.linkedin.com\/in\/phosphor-asset-management-sa-38a1021b9"]}]}},"_links":{"self":[{"href":"https:\/\/phosphoram.ch\/de\/wp-json\/wp\/v2\/pages\/29320","targetHints":{"allow":["GET"]}}],"collection":[{"href":"https:\/\/phosphoram.ch\/de\/wp-json\/wp\/v2\/pages"}],"about":[{"href":"https:\/\/phosphoram.ch\/de\/wp-json\/wp\/v2\/types\/page"}],"author":[{"embeddable":true,"href":"https:\/\/phosphoram.ch\/de\/wp-json\/wp\/v2\/users\/1"}],"replies":[{"embeddable":true,"href":"https:\/\/phosphoram.ch\/de\/wp-json\/wp\/v2\/comments?post=29320"}],"version-history":[{"count":33,"href":"https:\/\/phosphoram.ch\/de\/wp-json\/wp\/v2\/pages\/29320\/revisions"}],"predecessor-version":[{"id":30506,"href":"https:\/\/phosphoram.ch\/de\/wp-json\/wp\/v2\/pages\/29320\/revisions\/30506"}],"wp:attachment":[{"href":"https:\/\/phosphoram.ch\/de\/wp-json\/wp\/v2\/media?parent=29320"}],"curies":[{"name":"wp","href":"https:\/\/api.w.org\/{rel}","templated":true}]}}