{"id":29364,"date":"2022-03-18T16:30:36","date_gmt":"2022-03-18T15:30:36","guid":{"rendered":"https:\/\/phosphoram.ch\/?page_id=29364"},"modified":"2024-08-19T14:39:55","modified_gmt":"2024-08-19T12:39:55","slug":"impegno-sociale","status":"publish","type":"page","link":"https:\/\/phosphoram.ch\/de\/impegno-sociale\/","title":{"rendered":"SOZIALES ENGAGEMENT"},"content":{"rendered":"<p>[vc_row full_width=&#8221;stretch_row_content&#8221; css=&#8221;.vc_custom_1647617811617{background-image: url(http:\/\/phosphoram.ch\/wp-content\/uploads\/2022\/03\/DSC_2256_lq.jpg?id=29307) !important;background-position: center !important;background-repeat: no-repeat !important;background-size: cover !important;}&#8221;][vc_column][vc_empty_space height=&#8221;50px&#8221;][vc_custom_heading text=&#8221;SOZIALES ENGAGEMENT&#8221; font_container=&#8221;tag:h1|font_size:45|text_align:center|color:%23800018&#8243; use_theme_fonts=&#8221;yes&#8221;][vc_empty_space height=&#8221;50px&#8221;][\/vc_column][\/vc_row][vc_row][vc_column][vc_column_text]<\/p>\n<p style=\"text-align: center;\"><em>\u201eSolidarit\u00e4t ist die einzige Investition, die niemals versagt\u201c<\/em><\/p>\n<p style=\"text-align: center;\">(Henry David Thoreau)<\/p>\n<p>&nbsp;<\/p>\n<p style=\"text-align: justify;\">Jedes Unternehmen hat nicht nur eine wirtschaftliche und \u00f6ffentliche, sondern auch eine soziale Verantwortung Aus diesem Grund hat Phosphor Asset Management SA seit seiner Gr\u00fcndung beschlossen, zahlreiche Solidarit\u00e4tsprojekte zu unterst\u00fctzen und bei der Umsetzung zu helfen.<\/p>\n<p style=\"text-align: justify;\">Die Gesellschaft identifiziert es regelm\u00e4ssig bed\u00fcrftige Realit\u00e4ten, denen es den Anteil seiner Gewinne zuweist, den die Gr\u00fcndungsmitglieder mit der Gr\u00fcndung von Phosphor beschlossen haben, an Vereinigungen zu spenden, die sich mit Folgendem befassen:<\/p>\n<p><span style=\"color: #800018;\">\u25cf<\/span> \u00a0 Bek\u00e4mpfung der Armut;<br \/>\n<span style=\"color: #800018;\">\u25cf<\/span> \u00a0 Bildung und Geselligkeit;<br \/>\n<span style=\"color: #800018;\">\u25cf<\/span> \u00a0 Pr\u00e4vention und Schutz der Gesundheit, insbesondere im Kindesalter;<br \/>\n<span style=\"color: #800018;\">\u25cf<\/span> \u00a0 Soziale Notlagen<\/p>\n<p>Nachfolgend sind die Unternehmen aufgef\u00fchrt, die wir im Laufe der Jahre unterst\u00fctzen und \/ oder unterst\u00fctzt haben[\/vc_column_text][vc_single_image image=&#8221;28964&#8243; img_size=&#8221;full&#8221; alignment=&#8221;center&#8221;][\/vc_column][\/vc_row]<\/p>\n","protected":false},"excerpt":{"rendered":"<p>[vc_row full_width=&#8221;stretch_row_content&#8221; css=&#8221;.vc_custom_1647617811617{background-image: url(http:\/\/phosphoram.ch\/wp-content\/uploads\/2022\/03\/DSC_2256_lq.jpg?id=29307) !important;background-position: center !important;background-repeat: no-repeat !important;background-size: cover !important;}&#8221;][vc_column][vc_empty_space height=&#8221;50px&#8221;][vc_custom_heading text=&#8221;SOZIALES ENGAGEMENT&#8221; font_container=&#8221;tag:h1|font_size:45|text_align:center|color:%23800018&#8243; use_theme_fonts=&#8221;yes&#8221;][vc_empty_space height=&#8221;50px&#8221;][\/vc_column][\/vc_row][vc_row][vc_column][vc_column_text] \u201eSolidarit\u00e4t ist die einzige Investition, die niemals versagt\u201c (Henry David Thoreau) &nbsp; Jedes Unternehmen hat nicht nur eine wirtschaftliche und \u00f6ffentliche, sondern auch eine soziale Verantwortung Aus diesem Grund hat Phosphor Asset Management&#8230;<\/p>\n","protected":false},"author":1,"featured_media":0,"parent":0,"menu_order":0,"comment_status":"closed","ping_status":"closed","template":"","meta":{"footnotes":""},"class_list":["post-29364","page","type-page","status-publish","hentry"],"yoast_head":"<!-- This site is optimized with the Yoast SEO plugin v26.4 - https:\/\/yoast.com\/wordpress\/plugins\/seo\/ -->\n<title>SOZIALES ENGAGEMENT<\/title>\n<meta name=\"robots\" content=\"index, follow, max-snippet:-1, max-image-preview:large, max-video-preview:-1\" \/>\n<link rel=\"canonical\" href=\"https:\/\/phosphoram.ch\/impegno-sociale\/\" \/>\n<meta property=\"og:locale\" content=\"de_DE\" \/>\n<meta property=\"og:type\" content=\"article\" \/>\n<meta property=\"og:title\" content=\"SOZIALES ENGAGEMENT\" \/>\n<meta property=\"og:description\" content=\"[vc_row full_width=&#8221;stretch_row_content&#8221; css=&#8221;.vc_custom_1647617811617{background-image: url(http:\/\/phosphoram.ch\/wp-content\/uploads\/2022\/03\/DSC_2256_lq.jpg?id=29307) !important;background-position: center !important;background-repeat: no-repeat !important;background-size: cover !important;}&#8221;][vc_column][vc_empty_space height=&#8221;50px&#8221;][vc_custom_heading text=&#8221;SOZIALES ENGAGEMENT&#8221; font_container=&#8221;tag:h1|font_size:45|text_align:center|color:%23800018&#8243; use_theme_fonts=&#8221;yes&#8221;][vc_empty_space height=&#8221;50px&#8221;][\/vc_column][\/vc_row][vc_row][vc_column][vc_column_text] \u201eSolidarit\u00e4t ist die einzige Investition, die niemals versagt\u201c (Henry David Thoreau) &nbsp; Jedes Unternehmen hat nicht nur eine wirtschaftliche und \u00f6ffentliche, sondern auch eine soziale Verantwortung Aus diesem Grund hat Phosphor Asset Management...\" \/>\n<meta property=\"og:url\" content=\"https:\/\/phosphoram.ch\/impegno-sociale\/\" \/>\n<meta property=\"article:modified_time\" content=\"2024-08-19T12:39:55+00:00\" \/>\n<meta name=\"twitter:card\" content=\"summary_large_image\" \/>\n<meta name=\"twitter:label1\" content=\"Gesch\u00e4tzte Lesezeit\" \/>\n\t<meta name=\"twitter:data1\" content=\"1\u00a0Minute\" \/>\n<script type=\"application\/ld+json\" class=\"yoast-schema-graph\">{\"@context\":\"https:\/\/schema.org\",\"@graph\":[{\"@type\":\"WebPage\",\"@id\":\"https:\/\/phosphoram.ch\/impegno-sociale\/\",\"url\":\"https:\/\/phosphoram.ch\/impegno-sociale\/\",\"name\":\"[:it]IMPEGNO SOCIALE[:en]SOCIAL COMMITMENT[:de]SOZIALES ENGAGEMENT[:] -\",\"isPartOf\":{\"@id\":\"https:\/\/phosphoram.ch\/#website\"},\"datePublished\":\"2022-03-18T15:30:36+00:00\",\"dateModified\":\"2024-08-19T12:39:55+00:00\",\"inLanguage\":\"de-DE\",\"potentialAction\":[{\"@type\":\"ReadAction\",\"target\":[\"https:\/\/phosphoram.ch\/impegno-sociale\/\"]}]},{\"@type\":\"WebSite\",\"@id\":\"https:\/\/phosphoram.ch\/#website\",\"url\":\"https:\/\/phosphoram.ch\/\",\"name\":\"\",\"description\":\"\",\"publisher\":{\"@id\":\"https:\/\/phosphoram.ch\/#organization\"},\"potentialAction\":[{\"@type\":\"SearchAction\",\"target\":{\"@type\":\"EntryPoint\",\"urlTemplate\":\"https:\/\/phosphoram.ch\/?s={search_term_string}\"},\"query-input\":{\"@type\":\"PropertyValueSpecification\",\"valueRequired\":true,\"valueName\":\"search_term_string\"}}],\"inLanguage\":\"de-DE\"},{\"@type\":\"Organization\",\"@id\":\"https:\/\/phosphoram.ch\/#organization\",\"name\":\"Phosphor Asset Management\",\"url\":\"https:\/\/phosphoram.ch\/\",\"logo\":{\"@type\":\"ImageObject\",\"inLanguage\":\"de-DE\",\"@id\":\"https:\/\/phosphoram.ch\/#\/schema\/logo\/image\/\",\"url\":\"https:\/\/phosphoram.ch\/wp-content\/uploads\/2022\/05\/logo-phosphor-DEF.png\",\"contentUrl\":\"https:\/\/phosphoram.ch\/wp-content\/uploads\/2022\/05\/logo-phosphor-DEF.png\",\"width\":912,\"height\":478,\"caption\":\"Phosphor Asset Management\"},\"image\":{\"@id\":\"https:\/\/phosphoram.ch\/#\/schema\/logo\/image\/\"},\"sameAs\":[\"https:\/\/ch.linkedin.com\/in\/phosphor-asset-management-sa-38a1021b9\"]}]}<\/script>\n<!-- \/ Yoast SEO plugin. -->","yoast_head_json":{"title":"SOZIALES ENGAGEMENT","robots":{"index":"index","follow":"follow","max-snippet":"max-snippet:-1","max-image-preview":"max-image-preview:large","max-video-preview":"max-video-preview:-1"},"canonical":"https:\/\/phosphoram.ch\/impegno-sociale\/","og_locale":"de_DE","og_type":"article","og_title":"[:it]IMPEGNO SOCIALE[:en]SOCIAL COMMITMENT[:de]SOZIALES ENGAGEMENT[:] -","og_description":"[vc_row full_width=&#8221;stretch_row_content&#8221; css=&#8221;.vc_custom_1647617811617{background-image: url(http:\/\/phosphoram.ch\/wp-content\/uploads\/2022\/03\/DSC_2256_lq.jpg?id=29307) !important;background-position: center !important;background-repeat: no-repeat !important;background-size: cover !important;}&#8221;][vc_column][vc_empty_space height=&#8221;50px&#8221;][vc_custom_heading text=&#8221;SOZIALES ENGAGEMENT&#8221; font_container=&#8221;tag:h1|font_size:45|text_align:center|color:%23800018&#8243; use_theme_fonts=&#8221;yes&#8221;][vc_empty_space height=&#8221;50px&#8221;][\/vc_column][\/vc_row][vc_row][vc_column][vc_column_text] \u201eSolidarit\u00e4t ist die einzige Investition, die niemals versagt\u201c (Henry David Thoreau) &nbsp; Jedes Unternehmen hat nicht nur eine wirtschaftliche und \u00f6ffentliche, sondern auch eine soziale Verantwortung Aus diesem Grund hat Phosphor Asset Management...","og_url":"https:\/\/phosphoram.ch\/impegno-sociale\/","article_modified_time":"2024-08-19T12:39:55+00:00","twitter_card":"summary_large_image","twitter_misc":{"Gesch\u00e4tzte Lesezeit":"1\u00a0Minute"},"schema":{"@context":"https:\/\/schema.org","@graph":[{"@type":"WebPage","@id":"https:\/\/phosphoram.ch\/impegno-sociale\/","url":"https:\/\/phosphoram.ch\/impegno-sociale\/","name":"[:it]IMPEGNO SOCIALE[:en]SOCIAL COMMITMENT[:de]SOZIALES ENGAGEMENT[:] -","isPartOf":{"@id":"https:\/\/phosphoram.ch\/#website"},"datePublished":"2022-03-18T15:30:36+00:00","dateModified":"2024-08-19T12:39:55+00:00","inLanguage":"de-DE","potentialAction":[{"@type":"ReadAction","target":["https:\/\/phosphoram.ch\/impegno-sociale\/"]}]},{"@type":"WebSite","@id":"https:\/\/phosphoram.ch\/#website","url":"https:\/\/phosphoram.ch\/","name":"","description":"","publisher":{"@id":"https:\/\/phosphoram.ch\/#organization"},"potentialAction":[{"@type":"SearchAction","target":{"@type":"EntryPoint","urlTemplate":"https:\/\/phosphoram.ch\/?s={search_term_string}"},"query-input":{"@type":"PropertyValueSpecification","valueRequired":true,"valueName":"search_term_string"}}],"inLanguage":"de-DE"},{"@type":"Organization","@id":"https:\/\/phosphoram.ch\/#organization","name":"Phosphor Asset Management","url":"https:\/\/phosphoram.ch\/","logo":{"@type":"ImageObject","inLanguage":"de-DE","@id":"https:\/\/phosphoram.ch\/#\/schema\/logo\/image\/","url":"https:\/\/phosphoram.ch\/wp-content\/uploads\/2022\/05\/logo-phosphor-DEF.png","contentUrl":"https:\/\/phosphoram.ch\/wp-content\/uploads\/2022\/05\/logo-phosphor-DEF.png","width":912,"height":478,"caption":"Phosphor Asset Management"},"image":{"@id":"https:\/\/phosphoram.ch\/#\/schema\/logo\/image\/"},"sameAs":["https:\/\/ch.linkedin.com\/in\/phosphor-asset-management-sa-38a1021b9"]}]}},"_links":{"self":[{"href":"https:\/\/phosphoram.ch\/de\/wp-json\/wp\/v2\/pages\/29364","targetHints":{"allow":["GET"]}}],"collection":[{"href":"https:\/\/phosphoram.ch\/de\/wp-json\/wp\/v2\/pages"}],"about":[{"href":"https:\/\/phosphoram.ch\/de\/wp-json\/wp\/v2\/types\/page"}],"author":[{"embeddable":true,"href":"https:\/\/phosphoram.ch\/de\/wp-json\/wp\/v2\/users\/1"}],"replies":[{"embeddable":true,"href":"https:\/\/phosphoram.ch\/de\/wp-json\/wp\/v2\/comments?post=29364"}],"version-history":[{"count":21,"href":"https:\/\/phosphoram.ch\/de\/wp-json\/wp\/v2\/pages\/29364\/revisions"}],"predecessor-version":[{"id":30345,"href":"https:\/\/phosphoram.ch\/de\/wp-json\/wp\/v2\/pages\/29364\/revisions\/30345"}],"wp:attachment":[{"href":"https:\/\/phosphoram.ch\/de\/wp-json\/wp\/v2\/media?parent=29364"}],"curies":[{"name":"wp","href":"https:\/\/api.w.org\/{rel}","templated":true}]}}