{"id":29446,"date":"2022-04-04T13:08:17","date_gmt":"2022-04-04T11:08:17","guid":{"rendered":"https:\/\/phosphoram.ch\/?page_id=29446"},"modified":"2025-07-24T12:52:28","modified_gmt":"2025-07-24T10:52:28","slug":"home","status":"publish","type":"page","link":"https:\/\/phosphoram.ch\/de\/home\/","title":{"rendered":"PHOSPHOR"},"content":{"rendered":"<p>[vc_row full_width=&#8221;stretch_row_content&#8221; full_height=&#8221;yes&#8221; css=&#8221;.vc_custom_1655227238930{background-image: url(https:\/\/phosphoram.ch\/wp-content\/uploads\/2022\/03\/T9A7211.jpg?id=29157) !important;background-position: center !important;background-repeat: no-repeat !important;background-size: cover !important;}&#8221; el_class=&#8221;sliderhome&#8221;][vc_column][vc_column_text]<\/p>\n<h1 style=\"text-align: center;\"><span style=\"color: #800018;\">PHOSPHOR<\/span><\/h1>\n<h3 style=\"text-align: center;\"><span style=\"color: #800018;\">ASSET MANAGEMENT SA<\/span><\/h3>\n<p>[\/vc_column_text][\/vc_column][\/vc_row][vc_row full_width=&#8221;stretch_row_content&#8221; disable_element=&#8221;yes&#8221;][vc_column]\n\t\t\t<!-- START Slider 2 REVOLUTION SLIDER 6.5.21 --><p class=\"rs-p-wp-fix\"><\/p>\n\t\t\t<rs-module-wrap id=\"rev_slider_2_1_wrapper\" data-source=\"gallery\" style=\"visibility:hidden;background:transparent;padding:0;margin:0px auto;margin-top:0;margin-bottom:0;\">\n\t\t\t\t<rs-module id=\"rev_slider_2_1\" style=\"\" data-version=\"6.5.21\">\n\t\t\t\t\t<rs-slides>\n\t\t\t\t\t\t<rs-slide style=\"position: absolute;\" data-key=\"rs-2\" data-title=\"Slide\" data-anim=\"ms:10;\" data-in=\"o:1;\" data-out=\"a:false;\">\n\t\t\t\t\t\t\t<img decoding=\"async\" src=\"\/\/phosphoram.ch\/wp-content\/plugins\/revslider\/public\/assets\/assets\/dummy.png\" alt=\"Slide\" title=\"PHOSPHOR\" class=\"rev-slidebg tp-rs-img rs-lazyload\" data-lazyload=\"\/\/phosphoram.ch\/wp-content\/plugins\/revslider\/public\/assets\/assets\/transparent.png\" data-parallax=\"off\" data-no-retina>\n<!--\n\t\t\t\t\t\t\t--><rs-layer\n\t\t\t\t\t\t\t\tid=\"slider-2-slide-2-layer-0\" \n\t\t\t\t\t\t\t\tclass=\"rs-pxl-5 rs-pxmask\"\n\t\t\t\t\t\t\t\tdata-type=\"image\"\n\t\t\t\t\t\t\t\tdata-xy=\"x:c;yo:-350px,-350px,-219px,-219px;\"\n\t\t\t\t\t\t\t\tdata-text=\"w:normal;s:20,20,12,12;l:0,0,15,15;\"\n\t\t\t\t\t\t\t\tdata-dim=\"w:1920px,1920px,1204px,1204px;h:1080px,1080px,676px,676px;\"\n\t\t\t\t\t\t\t\tdata-rsp_o=\"off\"\n\t\t\t\t\t\t\t\tdata-rsp_bd=\"off\"\n\t\t\t\t\t\t\t\tdata-frame_1=\"e:power3.in;\"\n\t\t\t\t\t\t\t\tdata-frame_999=\"o:0;st:w;\"\n\t\t\t\t\t\t\t\tstyle=\"z-index:5;\"\n\t\t\t\t\t\t\t><img loading=\"lazy\" decoding=\"async\" src=\"\/\/phosphoram.ch\/wp-content\/plugins\/revslider\/public\/assets\/assets\/dummy.png\" alt=\"\" class=\"tp-rs-img rs-lazyload\" width=\"1920\" height=\"1080\" data-lazyload=\"\/\/phosphoram.ch\/wp-content\/uploads\/2022\/03\/T9A7211.jpg\" data-no-retina> \n\t\t\t\t\t\t\t<\/rs-layer><!--\n\n\t\t\t\t\t\t\t--><rs-layer\n\t\t\t\t\t\t\t\tid=\"slider-2-slide-2-layer-1\" \n\t\t\t\t\t\t\t\tdata-type=\"text\"\n\t\t\t\t\t\t\t\tdata-color=\"#800018\"\n\t\t\t\t\t\t\t\tdata-xy=\"x:c;yo:350px,350px,219px,219px;\"\n\t\t\t\t\t\t\t\tdata-text=\"w:normal;s:87,87,53,53;l:25,25,15,15;ls:15px,15px,9px,9px;fw:600;a:center;\"\n\t\t\t\t\t\t\t\tdata-rsp_o=\"off\"\n\t\t\t\t\t\t\t\tdata-rsp_bd=\"off\"\n\t\t\t\t\t\t\t\tdata-frame_999=\"o:0;st:w;\"\n\t\t\t\t\t\t\t\tstyle=\"z-index:6;font-family:'Barlow';\"\n\t\t\t\t\t\t\t>PHOSPHOR \n\t\t\t\t\t\t\t<\/rs-layer><!--\n\n\t\t\t\t\t\t\t--><rs-layer\n\t\t\t\t\t\t\t\tid=\"slider-2-slide-2-layer-2\" \n\t\t\t\t\t\t\t\tdata-type=\"text\"\n\t\t\t\t\t\t\t\tdata-color=\"#800018\"\n\t\t\t\t\t\t\t\tdata-rsp_ch=\"on\"\n\t\t\t\t\t\t\t\tdata-xy=\"x:c;yo:420px,420px,262px,262px;\"\n\t\t\t\t\t\t\t\tdata-text=\"w:normal;s:35,35,21,21;l:25,25,15,15;ls:8px,8px,4px,4px;fw:500;a:center;\"\n\t\t\t\t\t\t\t\tdata-frame_999=\"o:0;st:w;\"\n\t\t\t\t\t\t\t\tstyle=\"z-index:7;font-family:'Barlow';\"\n\t\t\t\t\t\t\t>ASSET MANAGEMENT SA \n\t\t\t\t\t\t\t<\/rs-layer><!--\n-->\t\t\t\t\t\t<\/rs-slide>\n\t\t\t\t\t<\/rs-slides>\n\t\t\t\t<\/rs-module>\n\t\t\t\t<script>\n\t\t\t\t\tsetREVStartSize({c: 'rev_slider_2_1',rl:[1240,1240,778,778],el:[730,730,960,960],gw:[1240,1240,778,778],gh:[730,730,960,960],type:'hero',justify:'',layout:'fullwidth',mh:\"0\"});if (window.RS_MODULES!==undefined && window.RS_MODULES.modules!==undefined && window.RS_MODULES.modules[\"revslider21\"]!==undefined) {window.RS_MODULES.modules[\"revslider21\"].once = false;window.revapi2 = undefined;if (window.RS_MODULES.checkMinimal!==undefined) window.RS_MODULES.checkMinimal()}\n\t\t\t\t<\/script>\n\t\t\t<\/rs-module-wrap>\n\t\t\t<!-- END REVOLUTION SLIDER -->\n[\/vc_column][\/vc_row][vc_row][vc_column][vc_empty_space height=&#8221;50px&#8221;][\/vc_column][\/vc_row][vc_row][vc_column width=&#8221;1\/2&#8243;][vc_empty_space height=&#8221;50px&#8221;][vc_column_text css_animation=&#8221;bounceInLeft&#8221;]<\/p>\n<div class=\"wpb_text_column wpb_content_element \">\n<div class=\"wpb_wrapper\">\n<h1 style=\"text-align: center;\"><span style=\"color: #800018;\">PHOSPHOR<\/span><\/h1>\n<h3 style=\"text-align: center;\"><span style=\"color: #800018;\">ASSET MANAGEMENT SA<\/span><\/h3>\n<\/div>\n<\/div>\n<p>[\/vc_column_text][vc_column_text css_animation=&#8221;fadeInUp&#8221;]<\/p>\n<div class=\"wpb_text_column wpb_content_element \">\n<div class=\"wpb_wrapper\">\n<p style=\"text-align: center;\">Wealth Management ist weder eine exakte Wissenschaft noch ein Zufallsprodukt; Es ist eine Kunst, die Arbeit, Erfahrung, Sensibilit\u00e4t, Fingerspitzengef\u00fchl und die Beherrschung der Werkzeuge erfordert. Der k\u00fcnstlerische Wert unserer Arbeit dr\u00fcckt sich in der im Laufe der Zeit erzielten Leistung aus, die sowohl den Kunden als auch den K\u00fcnstler zufriedenstellt.<\/p>\n<\/div>\n<\/div>\n<p>[\/vc_column_text][\/vc_column][vc_column width=&#8221;1\/2&#8243;][vc_single_image image=&#8221;29484&#8243; img_size=&#8221;full&#8221; alignment=&#8221;right&#8221; css_animation=&#8221;bounceInRight&#8221;][\/vc_column][\/vc_row][vc_row][vc_column][vc_empty_space height=&#8221;50px&#8221;][\/vc_column][\/vc_row][vc_row][vc_column width=&#8221;1\/2&#8243;][vc_empty_space height=&#8221;20px&#8221;][vc_single_image image=&#8221;29488&#8243; img_size=&#8221;full&#8221; css_animation=&#8221;bounceInRight&#8221;][\/vc_column][vc_column width=&#8221;1\/2&#8243;][vc_empty_space height=&#8221;20px&#8221;][vc_column_text css_animation=&#8221;bounceInRight&#8221;]<\/p>\n<div class=\"wpb_text_column wpb_content_element \">\n<div class=\"wpb_wrapper\">\n<h2 style=\"text-align: center;\"><a href=\"https:\/\/phosphoram.ch\/de\/chi-siamo\/\"><span style=\"color: #800018;\">WER WIR SIND<\/span><\/a><\/h2>\n<\/div>\n<\/div>\n<p>[\/vc_column_text][vc_column_text css_animation=&#8221;fadeInUp&#8221;]<\/p>\n<p style=\"text-align: center;\">Phosphor Asset Management SA wurde von der Eidgen\u00f6ssischen Finanzmarktaufsicht FINMA als Verm\u00f6gensverwalter im Sinne von Art. 2 cpv. 1 Lett. a und von Art. 5 cpv. 1 des Bundesgesetzes \u00fcber Finanzinstitute (FINIG) autorisiert. Die Gesellschaft untersteht zudem einem Aufsichtsorgan (OV)\u00a0 insbesondere AOOS.<br \/>\nEs wurde im April 2010 auf Initiative von Herrn Arnoldo Valsangiacomo und Dr. F. Michael Seegy gegr\u00fcndet und hat ihren Sitz in der Via P. Peri 15 in Lugano.[\/vc_column_text][\/vc_column][\/vc_row][vc_row][vc_column][vc_empty_space height=&#8221;50px&#8221;][\/vc_column][\/vc_row][vc_row full_width=&#8221;stretch_row_content&#8221; css=&#8221;.vc_custom_1650901226427{background-image: url(https:\/\/phosphoram.ch\/wp-content\/uploads\/2022\/03\/DSC_2250_lq.jpg?id=29303) !important;background-position: center !important;background-repeat: no-repeat !important;background-size: cover !important;}&#8221;][vc_column][vc_empty_space height=&#8221;50px&#8221;][vc_column_text]<\/p>\n<h1 style=\"text-align: center;\"><span style=\"color: #800018;\">WER IST PHOSPHOR<\/span><\/h1>\n<p>[\/vc_column_text][vc_empty_space height=&#8221;50px&#8221;][\/vc_column][\/vc_row][vc_row][vc_column][vc_empty_space height=&#8221;50px&#8221;][\/vc_column][\/vc_row][vc_row][vc_column][vc_column_text]<\/p>\n<h2><span style=\"color: #800018;\">DIE GR\u00dcNDER<\/span><\/h2>\n<p><span lang=\"DE\">Die Gr\u00fcnder von Phosphor kommen aus der Welt des Finanzmanagements und der Welt des Unternehmertums.<\/span>[\/vc_column_text][\/vc_column][\/vc_row][vc_row][vc_column width=&#8221;1\/2&#8243;][vc_hoverbox image=&#8221;29703&#8243; primary_title=&#8221;&#8221; primary_title_font_container=&#8221;font_size:25|color:%23800018|line_height:10&#8243; primary_title_google_fonts=&#8221;font_family:Montserrat%3Aregular%2C700|font_style:700%20bold%20regular%3A700%3Anormal&#8221; primary_title_css_animation=&#8221;none&#8221; hover_title=&#8221;ARNOLDO VALSANGIACOMO&#8221; hover_title_font_container=&#8221;font_size:25|line_height:10&#8243; hover_title_google_fonts=&#8221;font_family:Montserrat%3Aregular%2C700|font_style:400%20regular%3A400%3Anormal&#8221; shape=&#8221;square&#8221; use_custom_fonts_primary_title=&#8221;true&#8221; use_custom_fonts_hover_title=&#8221;true&#8221;][\/vc_hoverbox][vc_empty_space][vc_column_text]<\/p>\n<h3><span style=\"color: #800018;\"><strong>ARNOLDO VALSANGIACOMO<\/strong><\/span><\/h3>\n<p>Arnoldo Valsangiacomo hat wirtschaftliche Studien durchgef\u00fchrt und verf\u00fcgt \u00fcber langj\u00e4hrige Erfahrung im Finanzsektor auf europ\u00e4ischer Ebene. In seiner beruflichen Laufbahn war er als Aktienh\u00e4ndler, B\u00f6rsenmakler, Makler, Anlageberater und Fondsmanager t\u00e4tig. 2010 lancierte er als Mitgr\u00fcnder und gesch\u00e4ftsf\u00fchrender Gesellschafter die europaweit pr\u00e4sente Beteiligungsgesellschaft ETHENEA Independent Investors AG. Im selben Jahr gr\u00fcndete er mit Dr. Seegy die Gesellschaft Phosphor, wo er derzeit die Funktion des Vorstandsvorsitzenden innehat.[\/vc_column_text][vc_empty_space][\/vc_column][vc_column width=&#8221;1\/2&#8243;][vc_hoverbox image=&#8221;29753&#8243; primary_title=&#8221;&#8221; primary_title_font_container=&#8221;font_size:28|color:%23800018|line_height:10&#8243; primary_title_google_fonts=&#8221;font_family:Montserrat%3Aregular%2C700|font_style:700%20bold%20regular%3A700%3Anormal&#8221; primary_title_css_animation=&#8221;none&#8221; hover_title=&#8221;Dr. Friedrich Michael Seegy&#8221; hover_title_font_container=&#8221;font_size:25|line_height:10&#8243; hover_title_google_fonts=&#8221;font_family:Montserrat%3Aregular%2C700|font_style:400%20regular%3A400%3Anormal&#8221; shape=&#8221;square&#8221; use_custom_fonts_primary_title=&#8221;true&#8221; use_custom_fonts_hover_title=&#8221;true&#8221;]<\/p>\n<h4><\/h4>\n<p>[\/vc_hoverbox][vc_empty_space][vc_column_text]<\/p>\n<h3 class=\"vc_custom_heading\"><span style=\"color: #800018;\"><strong>Dr. Friedrich Michael Seegy<\/strong><\/span><\/h3>\n<p style=\"text-align: justify;\">Nach Abschluss seines Studiums im pharmazeutischen Bereich an der Universit\u00e4t Pavia erlangt er ein tiefgreifendes Wissen, zuerst im Bereich der pharmazeutischen Forschung und dann in der Vermarktung von pharmazeutischen Wirkstoffen. Im Jahr 1979 begann er seine unternehmerische Karriere und nach zehn Jahren T\u00e4tigkeit in der pharmazeutischen Industrie innerhalb der damaligen Europ\u00e4ischen Gemeinschaft, gr\u00fcndete er ein Unternehmen spezialisiert auf die pharmazeutische Logistik in Polen. Weitere zehn Jahre sp\u00e4ter wird das Unternehmen \u00fcber ein IPO an der Warschauer B\u00f6rse notiert und anschlie\u00dfend verkauft. Er ist unter anderem Mitgr\u00fcnder eines Generika-Unternehmens in Polen, das 20 Jahre nach seiner Gr\u00fcndung verkauft wurde. <span class=\"fontstyle0\">Derzeit lebt er zur\u00fcckgezogen, ohne berufliche Aktivit\u00e4ten auszu\u00fcben.<\/span><\/p>\n<p>[\/vc_column_text][vc_empty_space][\/vc_column][\/vc_row][vc_row][\/vc_row][vc_column][\/vc_column][vc_empty_space height=&#8221;50px&#8221;][vc_column_text]<\/p>\n<h2><span style=\"color: #800018;\">WANN UND WIE ALLES BEGANN<\/span><\/h2>\n<p>Wie alle Geschichten hat auch die von Phosphor einen Anfang. 1998 ist das Jahr, in dem den Anfang einer starken Bindung zwischen Herrn Valsangiacomo, der in der Erz\u00e4hlung die Rolle des Verm\u00f6gensverwalters spielt, und Herrn Seegy, dem Kunden, entsteht. Diese Beziehung wurde zun\u00e4chst als gewinnbringende Arbeitsbeziehung geboren und sp\u00e4ter in eine aufrichtige Freundschaft umgewandelt, deren prim\u00e4rer Wert sofort Vertrauen war. Genau dieser Grundsatz legte den Grundstein f\u00fcr die Philosophie, die die Gr\u00fcndung von Phosphor zusammen mit den Ergebnissen des Managements leitete. Diese Aspekte haben dazu beigetragen, dass der Unternehmer den Wunsch geweckt hat, mit dem Verm\u00f6gensverwalter zusammenzuarbeiten, um ein Unternehmen zu gr\u00fcnden, das darauf spezialisiert ist, einen Service anzubieten, der flexibel und klar auf die Bed\u00fcrfnisse vieler anderer Sparer und Anleger, die ihm \u00e4hnlich sind, reagiert . Der Kunde steht im Mittelpunkt; Ziel ist es, Ihre Bed\u00fcrfnisse zu befriedigen, indem wir versuchen, Interessenkonflikte auf transparente Weise zu beseitigen oder, falls dies nicht m\u00f6glich ist, zu Ihren Gunsten zu l\u00f6sen.[\/vc_column_text][vc_column_text][\/vc_column_text][vc_empty_space height=&#8221;50px&#8221;][vc_row][vc_column][vc_empty_space][\/vc_column][\/vc_row][vc_row][vc_column][vc_column_text]<\/p>\n<h2><span style=\"color: #800018;\">DIE PHILOSOPHIE UNSERER FIRMA BEDEUTET: TRANSPARENZ UND VERTRAUEN<\/span><\/h2>\n<p>Der Firmennamen \u201ePhosphor Asset Management\u201c ist aus der griechischen Mythologie abgeleitet, das griechische Wort Phosphoros bedeutet Lichtbringer und spiegelt unsere Gesch\u00e4ftsidee wieder: die Verm\u00f6gensverwaltung unserer Kunden in Klarheit und Transparenz zu gestalten, Zweifel zu vermeiden und das Kundeninteresse als erste Priorit\u00e4t zu behandeln. Phosphor hat es sich zur Aufgabe gemacht, seine Kunden bei ihren Anlageentscheidungen mit einer absolut verst\u00e4ndlichen und ma\u00dfgeschneiderten Strategie zu unterst\u00fctzen und Interessenkonflikte zu ihren Gunsten zu l\u00f6sen.<br \/>\nDas Markenzeichen von Phosphor stammt von der Skulptur der angesehen griechischen K\u00fcnstlerin Venia Dimitrakopoulou, dieses Kunstwerk tr\u00e4gt den Namen \u201eTowards Light = In Richtung Licht\u201c und verk\u00f6rpert zusammen mit dem Namen das Wesen der Mission des Unternehmens. Towards Light&#8221; oder das dauernde Streben nach Klarheit &#8211; dieser Wert untermauern den Ansatz von Phosphor Asset Management in Bezug auf die Kundenbeziehungen und haben es dem Unternehmen erm\u00f6glicht, selbst in schwierigen Zeiten auf den Finanzm\u00e4rkten langj\u00e4hrig erfolgreiche Beziehungen zu schaffen.<br \/>\nF\u00fcr unser Phosphorteam bedeutet &#8216;Towards Light&#8217; nicht nur eine Skulptur, sondern ein Versprechen, das Versprechen unerm\u00fcdlich nach Transparenz zu streben, Vertrauen zu schaffen und sich unerm\u00fcdlich f\u00fcr das finanzielle Wohlergehen der Kunden einzusetzen.[\/vc_column_text][\/vc_column][\/vc_row]<\/p>\n","protected":false},"excerpt":{"rendered":"<p>[vc_row full_width=&#8221;stretch_row_content&#8221; full_height=&#8221;yes&#8221; css=&#8221;.vc_custom_1655227238930{background-image: url(https:\/\/phosphoram.ch\/wp-content\/uploads\/2022\/03\/T9A7211.jpg?id=29157) !important;background-position: center !important;background-repeat: no-repeat !important;background-size: cover !important;}&#8221; el_class=&#8221;sliderhome&#8221;][vc_column][vc_column_text] PHOSPHOR ASSET MANAGEMENT SA [\/vc_column_text][\/vc_column][\/vc_row][vc_row full_width=&#8221;stretch_row_content&#8221; disable_element=&#8221;yes&#8221;][vc_column][\/vc_column][\/vc_row][vc_row][vc_column][vc_empty_space height=&#8221;50px&#8221;][\/vc_column][\/vc_row][vc_row][vc_column width=&#8221;1\/2&#8243;][vc_empty_space height=&#8221;50px&#8221;][vc_column_text css_animation=&#8221;bounceInLeft&#8221;] PHOSPHOR ASSET MANAGEMENT SA [\/vc_column_text][vc_column_text css_animation=&#8221;fadeInUp&#8221;] Wealth Management ist weder eine exakte Wissenschaft noch ein Zufallsprodukt; Es ist eine Kunst, die Arbeit, Erfahrung, Sensibilit\u00e4t, Fingerspitzengef\u00fchl und&#8230;<\/p>\n","protected":false},"author":1,"featured_media":28894,"parent":0,"menu_order":0,"comment_status":"closed","ping_status":"closed","template":"","meta":{"footnotes":""},"class_list":["post-29446","page","type-page","status-publish","has-post-thumbnail","hentry"],"yoast_head":"<!-- This site is optimized with the Yoast SEO plugin v26.4 - https:\/\/yoast.com\/wordpress\/plugins\/seo\/ -->\n<title>PHOSPHOR<\/title>\n<meta name=\"robots\" content=\"index, follow, max-snippet:-1, max-image-preview:large, max-video-preview:-1\" \/>\n<link rel=\"canonical\" href=\"https:\/\/phosphoram.ch\/home\/\" \/>\n<meta property=\"og:locale\" content=\"de_DE\" \/>\n<meta property=\"og:type\" content=\"article\" \/>\n<meta property=\"og:title\" content=\"PHOSPHOR\" \/>\n<meta property=\"og:description\" content=\"[vc_row full_width=&#8221;stretch_row_content&#8221; full_height=&#8221;yes&#8221; css=&#8221;.vc_custom_1655227238930{background-image: url(https:\/\/phosphoram.ch\/wp-content\/uploads\/2022\/03\/T9A7211.jpg?id=29157) !important;background-position: center !important;background-repeat: no-repeat !important;background-size: cover !important;}&#8221; el_class=&#8221;sliderhome&#8221;][vc_column][vc_column_text] PHOSPHOR ASSET MANAGEMENT SA [\/vc_column_text][\/vc_column][\/vc_row][vc_row full_width=&#8221;stretch_row_content&#8221; disable_element=&#8221;yes&#8221;][vc_column][\/vc_column][\/vc_row][vc_row][vc_column][vc_empty_space height=&#8221;50px&#8221;][\/vc_column][\/vc_row][vc_row][vc_column width=&#8221;1\/2&#8243;][vc_empty_space height=&#8221;50px&#8221;][vc_column_text css_animation=&#8221;bounceInLeft&#8221;] PHOSPHOR ASSET MANAGEMENT SA [\/vc_column_text][vc_column_text css_animation=&#8221;fadeInUp&#8221;] Wealth Management ist weder eine exakte Wissenschaft noch ein Zufallsprodukt; Es ist eine Kunst, die Arbeit, Erfahrung, Sensibilit\u00e4t, Fingerspitzengef\u00fchl und...\" \/>\n<meta property=\"og:url\" content=\"https:\/\/phosphoram.ch\/home\/\" \/>\n<meta property=\"article:modified_time\" content=\"2025-07-24T10:52:28+00:00\" \/>\n<meta property=\"og:image\" content=\"https:\/\/phosphoram.ch\/wp-content\/uploads\/2022\/03\/phosphor-logo.jpg\" \/>\n\t<meta property=\"og:image:width\" content=\"960\" \/>\n\t<meta property=\"og:image:height\" content=\"560\" \/>\n\t<meta property=\"og:image:type\" content=\"image\/jpeg\" \/>\n<meta name=\"twitter:card\" content=\"summary_large_image\" \/>\n<meta name=\"twitter:label1\" content=\"Gesch\u00e4tzte Lesezeit\" \/>\n\t<meta name=\"twitter:data1\" content=\"3\u00a0Minuten\" \/>\n<script type=\"application\/ld+json\" class=\"yoast-schema-graph\">{\"@context\":\"https:\/\/schema.org\",\"@graph\":[{\"@type\":\"WebPage\",\"@id\":\"https:\/\/phosphoram.ch\/home\/\",\"url\":\"https:\/\/phosphoram.ch\/home\/\",\"name\":\"[:it]HOME[:en]PHOSPHOR[:de]PHOSPHOR[:] -\",\"isPartOf\":{\"@id\":\"https:\/\/phosphoram.ch\/#website\"},\"primaryImageOfPage\":{\"@id\":\"https:\/\/phosphoram.ch\/home\/#primaryimage\"},\"image\":{\"@id\":\"https:\/\/phosphoram.ch\/home\/#primaryimage\"},\"thumbnailUrl\":\"https:\/\/phosphoram.ch\/wp-content\/uploads\/2022\/03\/phosphor-logo.jpg\",\"datePublished\":\"2022-04-04T11:08:17+00:00\",\"dateModified\":\"2025-07-24T10:52:28+00:00\",\"inLanguage\":\"de-DE\",\"potentialAction\":[{\"@type\":\"ReadAction\",\"target\":[\"https:\/\/phosphoram.ch\/home\/\"]}]},{\"@type\":\"ImageObject\",\"inLanguage\":\"de-DE\",\"@id\":\"https:\/\/phosphoram.ch\/home\/#primaryimage\",\"url\":\"https:\/\/phosphoram.ch\/wp-content\/uploads\/2022\/03\/phosphor-logo.jpg\",\"contentUrl\":\"https:\/\/phosphoram.ch\/wp-content\/uploads\/2022\/03\/phosphor-logo.jpg\",\"width\":960,\"height\":560},{\"@type\":\"WebSite\",\"@id\":\"https:\/\/phosphoram.ch\/#website\",\"url\":\"https:\/\/phosphoram.ch\/\",\"name\":\"\",\"description\":\"\",\"publisher\":{\"@id\":\"https:\/\/phosphoram.ch\/#organization\"},\"potentialAction\":[{\"@type\":\"SearchAction\",\"target\":{\"@type\":\"EntryPoint\",\"urlTemplate\":\"https:\/\/phosphoram.ch\/?s={search_term_string}\"},\"query-input\":{\"@type\":\"PropertyValueSpecification\",\"valueRequired\":true,\"valueName\":\"search_term_string\"}}],\"inLanguage\":\"de-DE\"},{\"@type\":\"Organization\",\"@id\":\"https:\/\/phosphoram.ch\/#organization\",\"name\":\"Phosphor Asset Management\",\"url\":\"https:\/\/phosphoram.ch\/\",\"logo\":{\"@type\":\"ImageObject\",\"inLanguage\":\"de-DE\",\"@id\":\"https:\/\/phosphoram.ch\/#\/schema\/logo\/image\/\",\"url\":\"https:\/\/phosphoram.ch\/wp-content\/uploads\/2022\/05\/logo-phosphor-DEF.png\",\"contentUrl\":\"https:\/\/phosphoram.ch\/wp-content\/uploads\/2022\/05\/logo-phosphor-DEF.png\",\"width\":912,\"height\":478,\"caption\":\"Phosphor Asset Management\"},\"image\":{\"@id\":\"https:\/\/phosphoram.ch\/#\/schema\/logo\/image\/\"},\"sameAs\":[\"https:\/\/ch.linkedin.com\/in\/phosphor-asset-management-sa-38a1021b9\"]}]}<\/script>\n<!-- \/ Yoast SEO plugin. -->","yoast_head_json":{"title":"PHOSPHOR","robots":{"index":"index","follow":"follow","max-snippet":"max-snippet:-1","max-image-preview":"max-image-preview:large","max-video-preview":"max-video-preview:-1"},"canonical":"https:\/\/phosphoram.ch\/home\/","og_locale":"de_DE","og_type":"article","og_title":"[:it]HOME[:en]PHOSPHOR[:de]PHOSPHOR[:] -","og_description":"[vc_row full_width=&#8221;stretch_row_content&#8221; full_height=&#8221;yes&#8221; css=&#8221;.vc_custom_1655227238930{background-image: url(https:\/\/phosphoram.ch\/wp-content\/uploads\/2022\/03\/T9A7211.jpg?id=29157) !important;background-position: center !important;background-repeat: no-repeat !important;background-size: cover !important;}&#8221; el_class=&#8221;sliderhome&#8221;][vc_column][vc_column_text] PHOSPHOR ASSET MANAGEMENT SA [\/vc_column_text][\/vc_column][\/vc_row][vc_row full_width=&#8221;stretch_row_content&#8221; disable_element=&#8221;yes&#8221;][vc_column][\/vc_column][\/vc_row][vc_row][vc_column][vc_empty_space height=&#8221;50px&#8221;][\/vc_column][\/vc_row][vc_row][vc_column width=&#8221;1\/2&#8243;][vc_empty_space height=&#8221;50px&#8221;][vc_column_text css_animation=&#8221;bounceInLeft&#8221;] PHOSPHOR ASSET MANAGEMENT SA [\/vc_column_text][vc_column_text css_animation=&#8221;fadeInUp&#8221;] Wealth Management ist weder eine exakte Wissenschaft noch ein Zufallsprodukt; Es ist eine Kunst, die Arbeit, Erfahrung, Sensibilit\u00e4t, Fingerspitzengef\u00fchl und...","og_url":"https:\/\/phosphoram.ch\/home\/","article_modified_time":"2025-07-24T10:52:28+00:00","og_image":[{"width":960,"height":560,"url":"https:\/\/phosphoram.ch\/wp-content\/uploads\/2022\/03\/phosphor-logo.jpg","type":"image\/jpeg"}],"twitter_card":"summary_large_image","twitter_misc":{"Gesch\u00e4tzte Lesezeit":"3\u00a0Minuten"},"schema":{"@context":"https:\/\/schema.org","@graph":[{"@type":"WebPage","@id":"https:\/\/phosphoram.ch\/home\/","url":"https:\/\/phosphoram.ch\/home\/","name":"[:it]HOME[:en]PHOSPHOR[:de]PHOSPHOR[:] -","isPartOf":{"@id":"https:\/\/phosphoram.ch\/#website"},"primaryImageOfPage":{"@id":"https:\/\/phosphoram.ch\/home\/#primaryimage"},"image":{"@id":"https:\/\/phosphoram.ch\/home\/#primaryimage"},"thumbnailUrl":"https:\/\/phosphoram.ch\/wp-content\/uploads\/2022\/03\/phosphor-logo.jpg","datePublished":"2022-04-04T11:08:17+00:00","dateModified":"2025-07-24T10:52:28+00:00","inLanguage":"de-DE","potentialAction":[{"@type":"ReadAction","target":["https:\/\/phosphoram.ch\/home\/"]}]},{"@type":"ImageObject","inLanguage":"de-DE","@id":"https:\/\/phosphoram.ch\/home\/#primaryimage","url":"https:\/\/phosphoram.ch\/wp-content\/uploads\/2022\/03\/phosphor-logo.jpg","contentUrl":"https:\/\/phosphoram.ch\/wp-content\/uploads\/2022\/03\/phosphor-logo.jpg","width":960,"height":560},{"@type":"WebSite","@id":"https:\/\/phosphoram.ch\/#website","url":"https:\/\/phosphoram.ch\/","name":"","description":"","publisher":{"@id":"https:\/\/phosphoram.ch\/#organization"},"potentialAction":[{"@type":"SearchAction","target":{"@type":"EntryPoint","urlTemplate":"https:\/\/phosphoram.ch\/?s={search_term_string}"},"query-input":{"@type":"PropertyValueSpecification","valueRequired":true,"valueName":"search_term_string"}}],"inLanguage":"de-DE"},{"@type":"Organization","@id":"https:\/\/phosphoram.ch\/#organization","name":"Phosphor Asset Management","url":"https:\/\/phosphoram.ch\/","logo":{"@type":"ImageObject","inLanguage":"de-DE","@id":"https:\/\/phosphoram.ch\/#\/schema\/logo\/image\/","url":"https:\/\/phosphoram.ch\/wp-content\/uploads\/2022\/05\/logo-phosphor-DEF.png","contentUrl":"https:\/\/phosphoram.ch\/wp-content\/uploads\/2022\/05\/logo-phosphor-DEF.png","width":912,"height":478,"caption":"Phosphor Asset Management"},"image":{"@id":"https:\/\/phosphoram.ch\/#\/schema\/logo\/image\/"},"sameAs":["https:\/\/ch.linkedin.com\/in\/phosphor-asset-management-sa-38a1021b9"]}]}},"_links":{"self":[{"href":"https:\/\/phosphoram.ch\/de\/wp-json\/wp\/v2\/pages\/29446","targetHints":{"allow":["GET"]}}],"collection":[{"href":"https:\/\/phosphoram.ch\/de\/wp-json\/wp\/v2\/pages"}],"about":[{"href":"https:\/\/phosphoram.ch\/de\/wp-json\/wp\/v2\/types\/page"}],"author":[{"embeddable":true,"href":"https:\/\/phosphoram.ch\/de\/wp-json\/wp\/v2\/users\/1"}],"replies":[{"embeddable":true,"href":"https:\/\/phosphoram.ch\/de\/wp-json\/wp\/v2\/comments?post=29446"}],"version-history":[{"count":186,"href":"https:\/\/phosphoram.ch\/de\/wp-json\/wp\/v2\/pages\/29446\/revisions"}],"predecessor-version":[{"id":30489,"href":"https:\/\/phosphoram.ch\/de\/wp-json\/wp\/v2\/pages\/29446\/revisions\/30489"}],"wp:featuredmedia":[{"embeddable":true,"href":"https:\/\/phosphoram.ch\/de\/wp-json\/wp\/v2\/media\/28894"}],"wp:attachment":[{"href":"https:\/\/phosphoram.ch\/de\/wp-json\/wp\/v2\/media?parent=29446"}],"curies":[{"name":"wp","href":"https:\/\/api.w.org\/{rel}","templated":true}]}}