{"id":29673,"date":"2022-05-16T11:32:40","date_gmt":"2022-05-16T09:32:40","guid":{"rendered":"https:\/\/phosphoram.ch\/?page_id=29673"},"modified":"2024-08-19T14:26:18","modified_gmt":"2024-08-19T12:26:18","slug":"esecuzione-ordini","status":"publish","type":"page","link":"https:\/\/phosphoram.ch\/de\/esecuzione-ordini","title":{"rendered":"AUFTRAGSAUSF\u00dcHRUNG"},"content":{"rendered":"<p>[vc_row][vc_column][vc_empty_space height=&#8221;30px&#8221;][vc_column_text]<\/p>\n<h2 style=\"text-align: center;\"><span style=\"color: #800018;\">AUFTRAGSAUSF\u00dcHRUNG<\/span><\/h2>\n<p>[\/vc_column_text][vc_empty_space height=&#8221;30px&#8221;][vc_column_text]<\/p>\n<p style=\"text-align: justify;\">Gegenstand dieser Dienstleistung ist die \u00dcbermittlung von Auftr\u00e4gen, die vom Kunden eingehen, zu Finanzinstrumenten durch Phosphor an die Depotbank zur Ausf\u00fchrung. Zu diesem Zweck erteilt der Kunde Phosphor eine Verwaltungsvollmacht, die f\u00fcr sein Portfolio bei seiner Bank g\u00fcltig ist.<\/p>\n<p style=\"text-align: justify;\">Der Kunde best\u00e4tigt und erkl\u00e4rt sich damit einverstanden, die von Phosphor \u00fcbermittelten Kauf- und Verkaufsauftr\u00e4ge f\u00fcr Finanzinstrumente durch die Depotbank ausf\u00fchren zu lassen, ohne dass letztere zu einer Beratungs-, Verwaltungs-, Warn- oder Informationspflicht verpflichtet ist. Der Kunde \u00fcbernimmt die volle Verantwortung f\u00fcr seine Anlageentscheidungen und die daraus resultierenden Risiken. Tats\u00e4chlich besteht dieser Service aus einer blossen Weiterleitung und Kontrolle des Auftrags und der von der Depotbank erhobenen Kosten, da Phosphor derzeit mit keiner seiner Gegenparteien bei einer Handelsbeh\u00f6rde unterschrieben ist.<\/p>\n<p style=\"text-align: justify;\">Diese Art von Dienstleistung ist derzeit eine Nebent\u00e4tigkeit von Phosphor und wird ausschliesslich professionellen und institutionellen Kunden angeboten.<\/p>\n<p>[\/vc_column_text][\/vc_column][\/vc_row][vc_row][vc_column][vc_empty_space height=&#8221;50px&#8221;][vc_basic_grid post_type=&#8221;ids&#8221; item=&#8221;28939&#8243; grid_id=&#8221;vc_gid:1724070341860-62af577cbf3bc4ded08ddb94b2811adc-1&#8243; include=&#8221;29251, 29250, 29252&#8243;][\/vc_column][\/vc_row]<\/p>\n","protected":false},"excerpt":{"rendered":"<p>[vc_row][vc_column][vc_empty_space height=&#8221;30px&#8221;][vc_column_text] AUFTRAGSAUSF\u00dcHRUNG [\/vc_column_text][vc_empty_space height=&#8221;30px&#8221;][vc_column_text] Gegenstand dieser Dienstleistung ist die \u00dcbermittlung von Auftr\u00e4gen, die vom Kunden eingehen, zu Finanzinstrumenten durch Phosphor an die Depotbank zur Ausf\u00fchrung. Zu diesem Zweck erteilt der Kunde Phosphor eine Verwaltungsvollmacht, die f\u00fcr sein Portfolio bei seiner Bank g\u00fcltig ist. Der Kunde best\u00e4tigt und erkl\u00e4rt sich&#8230;<\/p>\n","protected":false},"author":1,"featured_media":29297,"parent":0,"menu_order":0,"comment_status":"closed","ping_status":"closed","template":"","meta":{"footnotes":""},"class_list":["post-29673","page","type-page","status-publish","has-post-thumbnail","hentry"],"yoast_head":"<!-- This site is optimized with the Yoast SEO plugin v26.4 - https:\/\/yoast.com\/wordpress\/plugins\/seo\/ -->\n<title>AUFTRAGSAUSF\u00dcHRUNG<\/title>\n<meta name=\"robots\" content=\"index, follow, max-snippet:-1, max-image-preview:large, max-video-preview:-1\" \/>\n<link rel=\"canonical\" href=\"https:\/\/phosphoram.ch\/de\/esecuzione-ordini\" \/>\n<meta property=\"og:locale\" content=\"de_DE\" \/>\n<meta property=\"og:type\" content=\"article\" \/>\n<meta property=\"og:title\" content=\"AUFTRAGSAUSF\u00dcHRUNG\" \/>\n<meta property=\"og:description\" content=\"[vc_row][vc_column][vc_empty_space height=&#8221;30px&#8221;][vc_column_text] AUFTRAGSAUSF\u00dcHRUNG [\/vc_column_text][vc_empty_space height=&#8221;30px&#8221;][vc_column_text] Gegenstand dieser Dienstleistung ist die \u00dcbermittlung von Auftr\u00e4gen, die vom Kunden eingehen, zu Finanzinstrumenten durch Phosphor an die Depotbank zur Ausf\u00fchrung. Zu diesem Zweck erteilt der Kunde Phosphor eine Verwaltungsvollmacht, die f\u00fcr sein Portfolio bei seiner Bank g\u00fcltig ist. Der Kunde best\u00e4tigt und erkl\u00e4rt sich...\" \/>\n<meta property=\"og:url\" content=\"https:\/\/phosphoram.ch\/de\/esecuzione-ordini\" \/>\n<meta property=\"article:modified_time\" content=\"2024-08-19T12:26:18+00:00\" \/>\n<meta property=\"og:image\" content=\"https:\/\/phosphoram.ch\/wp-content\/uploads\/2022\/03\/advisory-3.png\" \/>\n\t<meta property=\"og:image:width\" content=\"800\" \/>\n\t<meta property=\"og:image:height\" content=\"800\" \/>\n\t<meta property=\"og:image:type\" content=\"image\/png\" \/>\n<meta name=\"twitter:card\" content=\"summary_large_image\" \/>\n<meta name=\"twitter:label1\" content=\"Gesch\u00e4tzte Lesezeit\" \/>\n\t<meta name=\"twitter:data1\" content=\"1\u00a0Minute\" \/>\n<script type=\"application\/ld+json\" class=\"yoast-schema-graph\">{\"@context\":\"https:\/\/schema.org\",\"@graph\":[{\"@type\":\"WebPage\",\"@id\":\"https:\/\/phosphoram.ch\/de\/esecuzione-ordini\",\"url\":\"https:\/\/phosphoram.ch\/de\/esecuzione-ordini\",\"name\":\"[:it]ESECUZIONE ORDINI[:en]ORDER EXECUTION[:de]AUFTRAGSAUSF\u00dcHRUNG[:] -\",\"isPartOf\":{\"@id\":\"https:\/\/phosphoram.ch\/#website\"},\"primaryImageOfPage\":{\"@id\":\"https:\/\/phosphoram.ch\/de\/esecuzione-ordini#primaryimage\"},\"image\":{\"@id\":\"https:\/\/phosphoram.ch\/de\/esecuzione-ordini#primaryimage\"},\"thumbnailUrl\":\"https:\/\/phosphoram.ch\/wp-content\/uploads\/2022\/03\/advisory-3.png\",\"datePublished\":\"2022-05-16T09:32:40+00:00\",\"dateModified\":\"2024-08-19T12:26:18+00:00\",\"inLanguage\":\"de-DE\",\"potentialAction\":[{\"@type\":\"ReadAction\",\"target\":[\"https:\/\/phosphoram.ch\/de\/esecuzione-ordini\"]}]},{\"@type\":\"ImageObject\",\"inLanguage\":\"de-DE\",\"@id\":\"https:\/\/phosphoram.ch\/de\/esecuzione-ordini#primaryimage\",\"url\":\"https:\/\/phosphoram.ch\/wp-content\/uploads\/2022\/03\/advisory-3.png\",\"contentUrl\":\"https:\/\/phosphoram.ch\/wp-content\/uploads\/2022\/03\/advisory-3.png\",\"width\":800,\"height\":800},{\"@type\":\"WebSite\",\"@id\":\"https:\/\/phosphoram.ch\/#website\",\"url\":\"https:\/\/phosphoram.ch\/\",\"name\":\"\",\"description\":\"\",\"publisher\":{\"@id\":\"https:\/\/phosphoram.ch\/#organization\"},\"potentialAction\":[{\"@type\":\"SearchAction\",\"target\":{\"@type\":\"EntryPoint\",\"urlTemplate\":\"https:\/\/phosphoram.ch\/?s={search_term_string}\"},\"query-input\":{\"@type\":\"PropertyValueSpecification\",\"valueRequired\":true,\"valueName\":\"search_term_string\"}}],\"inLanguage\":\"de-DE\"},{\"@type\":\"Organization\",\"@id\":\"https:\/\/phosphoram.ch\/#organization\",\"name\":\"Phosphor Asset Management\",\"url\":\"https:\/\/phosphoram.ch\/\",\"logo\":{\"@type\":\"ImageObject\",\"inLanguage\":\"de-DE\",\"@id\":\"https:\/\/phosphoram.ch\/#\/schema\/logo\/image\/\",\"url\":\"https:\/\/phosphoram.ch\/wp-content\/uploads\/2022\/05\/logo-phosphor-DEF.png\",\"contentUrl\":\"https:\/\/phosphoram.ch\/wp-content\/uploads\/2022\/05\/logo-phosphor-DEF.png\",\"width\":912,\"height\":478,\"caption\":\"Phosphor Asset Management\"},\"image\":{\"@id\":\"https:\/\/phosphoram.ch\/#\/schema\/logo\/image\/\"},\"sameAs\":[\"https:\/\/ch.linkedin.com\/in\/phosphor-asset-management-sa-38a1021b9\"]}]}<\/script>\n<!-- \/ Yoast SEO plugin. -->","yoast_head_json":{"title":"AUFTRAGSAUSF\u00dcHRUNG","robots":{"index":"index","follow":"follow","max-snippet":"max-snippet:-1","max-image-preview":"max-image-preview:large","max-video-preview":"max-video-preview:-1"},"canonical":"https:\/\/phosphoram.ch\/de\/esecuzione-ordini","og_locale":"de_DE","og_type":"article","og_title":"[:it]ESECUZIONE ORDINI[:en]ORDER EXECUTION[:de]AUFTRAGSAUSF\u00dcHRUNG[:] -","og_description":"[vc_row][vc_column][vc_empty_space height=&#8221;30px&#8221;][vc_column_text] AUFTRAGSAUSF\u00dcHRUNG [\/vc_column_text][vc_empty_space height=&#8221;30px&#8221;][vc_column_text] Gegenstand dieser Dienstleistung ist die \u00dcbermittlung von Auftr\u00e4gen, die vom Kunden eingehen, zu Finanzinstrumenten durch Phosphor an die Depotbank zur Ausf\u00fchrung. Zu diesem Zweck erteilt der Kunde Phosphor eine Verwaltungsvollmacht, die f\u00fcr sein Portfolio bei seiner Bank g\u00fcltig ist. Der Kunde best\u00e4tigt und erkl\u00e4rt sich...","og_url":"https:\/\/phosphoram.ch\/de\/esecuzione-ordini","article_modified_time":"2024-08-19T12:26:18+00:00","og_image":[{"width":800,"height":800,"url":"https:\/\/phosphoram.ch\/wp-content\/uploads\/2022\/03\/advisory-3.png","type":"image\/png"}],"twitter_card":"summary_large_image","twitter_misc":{"Gesch\u00e4tzte Lesezeit":"1\u00a0Minute"},"schema":{"@context":"https:\/\/schema.org","@graph":[{"@type":"WebPage","@id":"https:\/\/phosphoram.ch\/de\/esecuzione-ordini","url":"https:\/\/phosphoram.ch\/de\/esecuzione-ordini","name":"[:it]ESECUZIONE ORDINI[:en]ORDER EXECUTION[:de]AUFTRAGSAUSF\u00dcHRUNG[:] -","isPartOf":{"@id":"https:\/\/phosphoram.ch\/#website"},"primaryImageOfPage":{"@id":"https:\/\/phosphoram.ch\/de\/esecuzione-ordini#primaryimage"},"image":{"@id":"https:\/\/phosphoram.ch\/de\/esecuzione-ordini#primaryimage"},"thumbnailUrl":"https:\/\/phosphoram.ch\/wp-content\/uploads\/2022\/03\/advisory-3.png","datePublished":"2022-05-16T09:32:40+00:00","dateModified":"2024-08-19T12:26:18+00:00","inLanguage":"de-DE","potentialAction":[{"@type":"ReadAction","target":["https:\/\/phosphoram.ch\/de\/esecuzione-ordini"]}]},{"@type":"ImageObject","inLanguage":"de-DE","@id":"https:\/\/phosphoram.ch\/de\/esecuzione-ordini#primaryimage","url":"https:\/\/phosphoram.ch\/wp-content\/uploads\/2022\/03\/advisory-3.png","contentUrl":"https:\/\/phosphoram.ch\/wp-content\/uploads\/2022\/03\/advisory-3.png","width":800,"height":800},{"@type":"WebSite","@id":"https:\/\/phosphoram.ch\/#website","url":"https:\/\/phosphoram.ch\/","name":"","description":"","publisher":{"@id":"https:\/\/phosphoram.ch\/#organization"},"potentialAction":[{"@type":"SearchAction","target":{"@type":"EntryPoint","urlTemplate":"https:\/\/phosphoram.ch\/?s={search_term_string}"},"query-input":{"@type":"PropertyValueSpecification","valueRequired":true,"valueName":"search_term_string"}}],"inLanguage":"de-DE"},{"@type":"Organization","@id":"https:\/\/phosphoram.ch\/#organization","name":"Phosphor Asset Management","url":"https:\/\/phosphoram.ch\/","logo":{"@type":"ImageObject","inLanguage":"de-DE","@id":"https:\/\/phosphoram.ch\/#\/schema\/logo\/image\/","url":"https:\/\/phosphoram.ch\/wp-content\/uploads\/2022\/05\/logo-phosphor-DEF.png","contentUrl":"https:\/\/phosphoram.ch\/wp-content\/uploads\/2022\/05\/logo-phosphor-DEF.png","width":912,"height":478,"caption":"Phosphor Asset Management"},"image":{"@id":"https:\/\/phosphoram.ch\/#\/schema\/logo\/image\/"},"sameAs":["https:\/\/ch.linkedin.com\/in\/phosphor-asset-management-sa-38a1021b9"]}]}},"_links":{"self":[{"href":"https:\/\/phosphoram.ch\/de\/wp-json\/wp\/v2\/pages\/29673","targetHints":{"allow":["GET"]}}],"collection":[{"href":"https:\/\/phosphoram.ch\/de\/wp-json\/wp\/v2\/pages"}],"about":[{"href":"https:\/\/phosphoram.ch\/de\/wp-json\/wp\/v2\/types\/page"}],"author":[{"embeddable":true,"href":"https:\/\/phosphoram.ch\/de\/wp-json\/wp\/v2\/users\/1"}],"replies":[{"embeddable":true,"href":"https:\/\/phosphoram.ch\/de\/wp-json\/wp\/v2\/comments?post=29673"}],"version-history":[{"count":9,"href":"https:\/\/phosphoram.ch\/de\/wp-json\/wp\/v2\/pages\/29673\/revisions"}],"predecessor-version":[{"id":30336,"href":"https:\/\/phosphoram.ch\/de\/wp-json\/wp\/v2\/pages\/29673\/revisions\/30336"}],"wp:featuredmedia":[{"embeddable":true,"href":"https:\/\/phosphoram.ch\/de\/wp-json\/wp\/v2\/media\/29297"}],"wp:attachment":[{"href":"https:\/\/phosphoram.ch\/de\/wp-json\/wp\/v2\/media?parent=29673"}],"curies":[{"name":"wp","href":"https:\/\/api.w.org\/{rel}","templated":true}]}}